{"id":11700,"date":"2023-10-06T13:28:53","date_gmt":"2023-10-06T11:28:53","guid":{"rendered":"https:\/\/isp-zuerisee.ch\/?page_id=11700"},"modified":"2023-10-06T13:55:39","modified_gmt":"2023-10-06T11:55:39","slug":"auto-draft","status":"publish","type":"page","link":"https:\/\/isp-old.marketing-consulting.ch\/en\/auto-draft\/","title":{"rendered":"Privacy policy"},"content":{"rendered":"<p>[et_pb_section fb_built=&#8221;1&#8243; _builder_version=&#8221;4.22.2&#8243; _module_preset=&#8221;default&#8221; global_colors_info=&#8221;{}&#8221;][et_pb_row _builder_version=&#8221;4.22.2&#8243; _module_preset=&#8221;default&#8221; global_colors_info=&#8221;{}&#8221;][et_pb_column type=&#8221;4_4&#8243; _builder_version=&#8221;4.22.2&#8243; _module_preset=&#8221;default&#8221; global_colors_info=&#8221;{}&#8221;][et_pb_text _builder_version=&#8221;4.22.2&#8243; _module_preset=&#8221;default&#8221; global_colors_info=&#8221;{}&#8221;]<\/p>\n<h1>Privacy policy<\/h1>\n<p>[\/et_pb_text][\/et_pb_column][\/et_pb_row][et_pb_row _builder_version=&#8221;4.22.2&#8243; _module_preset=&#8221;default&#8221; global_colors_info=&#8221;{}&#8221;][et_pb_column type=&#8221;4_4&#8243; _builder_version=&#8221;4.22.2&#8243; _module_preset=&#8221;default&#8221; global_colors_info=&#8221;{}&#8221;][et_pb_text _builder_version=&#8221;4.22.2&#8243; _module_preset=&#8221;default&#8221; global_colors_info=&#8221;{}&#8221;]<\/p>\n<p>Die Betreiber dieser Seiten nehmen den Schutz Ihrer pers\u00f6nlichen Daten sehr ernst. Wir behandeln Ihre personenbezogenen Daten vertraulich und entsprechend der gesetzlichen Datenschutzvorschriften sowie dieser Datenschutzerkl\u00e4rung. Die Nutzung unserer Website ist in der Regel ohne Angabe personenbezogener Daten m\u00f6glich. Soweit auf unseren Seiten personenbezogene Daten (beispielsweise Name, Anschrift oder E-Mail-Adressen) erhoben werden, erfolgt dies, soweit m\u00f6glich, stets auf freiwilliger Basis. Diese Daten werden gem\u00e4ss dieser Datenschutzerkl\u00e4rung teilweise an Dritte weitergegeben. Wir weisen darauf hin, dass die Daten\u00fcbertragung im Internet (z.B. bei der Kommunikation per E-Mail) Sicherheitsl\u00fccken aufweisen kann. Ein l\u00fcckenloser Schutz der Daten vor dem Zugriff durch Dritte ist nicht m\u00f6glich.<\/p>\n<p>[\/et_pb_text][et_pb_text _builder_version=&#8221;4.22.2&#8243; _module_preset=&#8221;default&#8221; global_colors_info=&#8221;{}&#8221;]<\/p>\n<p><strong>Cookies<\/strong><\/p>\n<p>Die Internetseiten verwenden teilweise so genannte Cookies. Cookies richten auf Ihrem Rechner keinen Schaden an und enthalten keine Viren. Cookies dienen dazu, unser Angebot nutzerfreundlicher, effektiver und sicherer zu machen. Cookies sind kleine Textdateien, die auf Ihrem Rechner abgelegt werden und die Ihr Browser speichert.<\/p>\n<p>Die meisten der von uns verwendeten Cookies sind so genannte \u00abSession-Cookies\u00bb. Sie werden nach Ende Ihres Besuchs automatisch gel\u00f6scht. Andere Cookies bleiben auf Ihrem Endger\u00e4t gespeichert, bis Sie diese l\u00f6schen. Diese Cookies erm\u00f6glichen es uns, Ihren Browser beim n\u00e4chsten Besuch wiederzuerkennen.<\/p>\n<p>Sie k\u00f6nnen Ihren Browser so einstellen, dass Sie \u00fcber das Setzen von Cookies informiert werden und Cookies nur im Einzelfall erlauben, die Annahme von Cookies f\u00fcr bestimmte F\u00e4lle oder generell ausschlie\u00dfen sowie das automatische L\u00f6schen der Cookies beim Schlie\u00dfen des Browser aktivieren. Bei der Deaktivierung von Cookies kann die Funktionalit\u00e4t dieser Website eingeschr\u00e4nkt sein.<\/p>\n<p>[\/et_pb_text][et_pb_text _builder_version=&#8221;4.22.2&#8243; _module_preset=&#8221;default&#8221; hover_enabled=&#8221;0&#8243; global_colors_info=&#8221;{}&#8221; sticky_enabled=&#8221;0&#8243;]<\/p>\n<p><strong>Hosting Provider &amp; Server-LogFiles<\/strong><\/p>\n<p>Der Provider der Seiten erhebt und speichert automatisch Informationen in so genannten\u00a0Server-Log Files, die Ihr Browser automatisch an uns \u00fcbermittelt. Dies sind:<\/p>\n<p>\u00b7\u00a0\u00a0\u00a0\u00a0 IP-Adresse<br \/>\u00b7\u00a0\u00a0\u00a0\u00a0 Browsertyp und Browserversion<br \/>\u00b7\u00a0\u00a0\u00a0\u00a0 verwendetes Betriebssystem<br \/>\u00b7\u00a0\u00a0\u00a0\u00a0 Referrer URL<br \/>\u00b7\u00a0\u00a0\u00a0\u00a0 Hostname des zugreifenden Rechners<br \/>\u00b7\u00a0\u00a0\u00a0\u00a0 Uhrzeit der Serveranfrage<\/p>\n<p>Diese Daten sind nicht direkt bestimmten Personen zuordenbar. Eine Zusammenf\u00fchrung dieser Daten mit anderen Datenquellen wird nicht vorgenommen. Wir behalten uns vor, diese Daten nachtr\u00e4glich zu pr\u00fcfen, wenn uns konkrete Anhaltspunkte f\u00fcr eine rechtswidrige Nutzung bekannt werden. Diese Daten sowie alle Daten dieser Website werden bei unserem Hosting-Provider <strong>MONITY GmbH, Sonnhaldenstrasse 75, 6331 H\u00fcnenberg ZG<\/strong> gespeichert.<\/p>\n<p>[\/et_pb_text][et_pb_text _builder_version=&#8221;4.22.2&#8243; _module_preset=&#8221;default&#8221; hover_enabled=&#8221;0&#8243; global_colors_info=&#8221;{}&#8221; sticky_enabled=&#8221;0&#8243;]<\/p>\n<p><strong>SSL-Verschl\u00fcsselung<\/strong><\/p>\n<p>Diese Seite nutzt aus Gr\u00fcnden der Sicherheit und zum Schutz der \u00dcbertragung vertraulicher Inhalte, wie zum Beispiel der Anfragen, die Sie an uns als Seitenbetreiber senden, eine SSL-Verschl\u00fcsselung. Eine verschl\u00fcsselte Verbindung erkennen Sie daran, dass die Adresszeile des Browsers von \u00abhttp:\/\/\u00bb auf \u00abhttps:\/\/\u00bb wechselt und an dem Schloss-Symbol in Ihrer Browserzeile. Wenn die SSL Verschl\u00fcsselung aktiviert ist, k\u00f6nnen die Daten, die Sie an uns \u00fcbermitteln, nicht von Dritten mitgelesen werden.<\/p>\n<p>[\/et_pb_text][et_pb_text _builder_version=&#8221;4.22.2&#8243; _module_preset=&#8221;default&#8221; hover_enabled=&#8221;0&#8243; global_colors_info=&#8221;{}&#8221; sticky_enabled=&#8221;0&#8243;]<\/p>\n<p><strong>Kontaktformular<\/strong><\/p>\n<p>Wenn Sie uns per Kontaktformular Anfragen zukommen lassen, werden Ihre Angaben aus dem Anfrageformular inklusive der von Ihnen dort angegebenen Kontaktdaten inklusive IP-Adresse zwecks Bearbeitung der Anfrage und f\u00fcr den Fall von Anschlussfragen bei uns gespeichert. Diese Daten geben wir nicht ohne Ihre Einwilligung weiter.<\/p>\n<p>[\/et_pb_text][et_pb_text _builder_version=&#8221;4.22.2&#8243; _module_preset=&#8221;default&#8221; hover_enabled=&#8221;0&#8243; global_colors_info=&#8221;{}&#8221; sticky_enabled=&#8221;0&#8243;]<\/p>\n<p><strong>Google Analytics<\/strong><\/p>\n<p>Diese\u00a0Website nutzt Funktionen des Webanalysedienstes Google Analytics. Anbieter ist die Google Inc., 1600 Amphitheatre Parkway Mountain View, CA 94043, USA.\u2028Google Analytics verwendet so genannte \u00abCookies\u00bb. Das sind Textdateien, die auf Ihrem Computer gespeichert werden und die eine Analyse der Benutzung der Website durch Sie erm\u00f6glichen. Die durch den Cookie erzeugten Informationen \u00fcber Ihre Benutzung dieser Website werden in der Regel an einen Server von Google in den USA \u00fcbertragen und dort gespeichert.<\/p>\n<p>[\/et_pb_text][et_pb_text _builder_version=&#8221;4.22.2&#8243; _module_preset=&#8221;default&#8221; global_colors_info=&#8221;{}&#8221;]<\/p>\n<p><strong>IP Anonymisierung<\/strong><\/p>\n<p>Wir haben auf dieser Website die Funktion IP-Anonymisierung aktiviert. Dadurch wird Ihre IP-Adresse von Google innerhalb von Mitgliedstaaten der Europ\u00e4ischen Union oder in anderen Vertragsstaaten\u00a0des Abkommens \u00fcber den Europ\u00e4ischen Wirtschaftsraum vor der \u00dcbermittlung in die USA gek\u00fcrzt. Nur in Ausnahmef\u00e4llen wird die volle IP-Adresse an einen Server von Google in den USA \u00fcbertragen und dort gek\u00fcrzt. Im Auftrag des Betreibers dieser Website wird Google diese Informationen benutzen, um Ihre Nutzung der Website auszuwerten, um Reports \u00fcber die\u00a0Websiteaktivit\u00e4ten zusammenzustellen und um weitere mit der Websitenutzung und der Internetnutzung verbundene Dienstleistungen gegen\u00fcber dem Websitebetreiber zu erbringen. Die im Rahmen von Google Analytics von Ihrem Browser \u00fcbermittelte IP-Adresse wird nicht mit anderen Daten von Google zusammengef\u00fchrt.<\/p>\n<p>[\/et_pb_text][et_pb_text _builder_version=&#8221;4.22.2&#8243; _module_preset=&#8221;default&#8221; hover_enabled=&#8221;0&#8243; global_colors_info=&#8221;{}&#8221; sticky_enabled=&#8221;0&#8243;]<\/p>\n<p><strong>Browser Plugin<\/strong><\/p>\n<p>Sie k\u00f6nnen die Speicherung der Cookies durch eine entsprechende Einstellung Ihrer Browser-Software verhindern; wir weisen Sie jedoch darauf hin, dass Sie in diesem Fall gegebenenfalls nicht s\u00e4mtliche Funktionen dieser Website vollumf\u00e4nglich werden nutzen k\u00f6nnen. Sie k\u00f6nnen dar\u00fcber hinaus die Erfassung der durch den Cookie erzeugten und auf Ihre Nutzung der Website bezogenen Daten (inkl. Ihrer IP-Adresse) an Google sowie die Verarbeitung dieser Daten durch Google verhindern, indem Sie das unter diesem <a href=\"https:\/\/tools.google.com\/dlpage\/gaoptout?hl=de\" target=\"_blank\" rel=\"noopener\">Link<\/a> verf\u00fcgbare Browser-Plugin herunterladen und installieren. Mehr Informationen zum Umgang mit Nutzerdaten bei Google Analytics finden Sie in der <a href=\"https:\/\/support.google.com\/analytics\/answer\/6004245?hl=de\" target=\"_blank\" rel=\"noopener\">Datenschutzerkl\u00e4rung<\/a> von Google.<\/p>\n<p>[\/et_pb_text][et_pb_text _builder_version=&#8221;4.22.2&#8243; _module_preset=&#8221;default&#8221; global_colors_info=&#8221;{}&#8221;]<\/p>\n<p><strong>Auftragsdatenverarbeitung<\/strong><\/p>\n<p>Wir haben mit Google einen Vertrag zur Auftragsdatenverarbeitung abgeschlossen und setzen die strengen Vorgaben der deutschen Datenschutzbeh\u00f6rden bei der Nutzung von Google Analytics vollst\u00e4ndig um.<\/p>\n<p>[\/et_pb_text][et_pb_text _builder_version=&#8221;4.22.2&#8243; _module_preset=&#8221;default&#8221; hover_enabled=&#8221;0&#8243; global_colors_info=&#8221;{}&#8221; sticky_enabled=&#8221;0&#8243;]<\/p>\n<p><strong>Google Fonts<\/strong><\/p>\n<p>Auf dieser Website werden Google Fonts genutzt. Gem\u00e4ss unseres Wissens werden dabei keine pers\u00f6nlichen Daten durch Google gespeichert. Dazu muss aber aus technischen Gr\u00fcnden Ihre IP-Adresse an Google \u00fcbermittelt werden, damit die Schriftarten an Ihren Browser \u00fcbertragen werden k\u00f6nnen. Mehr Informationen von Google zu Google Fonts k\u00f6nnen Sie\u00a0<a href=\"https:\/\/developers.google.com\/fonts\/faq?hl=de#what_does_using_the_google_fonts_api_mean_for_the_privacy_of_my_users\" target=\"_blank\" rel=\"noopener\">hier<\/a>\u00a0einsehen.<\/p>\n<p>[\/et_pb_text][et_pb_text _builder_version=&#8221;4.22.2&#8243; _module_preset=&#8221;default&#8221; hover_enabled=&#8221;0&#8243; global_colors_info=&#8221;{}&#8221; sticky_enabled=&#8221;0&#8243;]<\/p>\n<p><strong>Recht auf Auskunft, L\u00f6schung, Sperrung<\/strong><\/p>\n<p>Sie haben jederzeit das Recht auf unentgeltliche Auskunft \u00fcber Ihre gespeicherten personenbezogenen Daten, deren Herkunft und Empf\u00e4nger und den Zweck der Datenverarbeitung sowie ein Recht auf Berichtigung, Sperrung oder L\u00f6schung dieser Daten. Hierzu sowie zu weiteren Fragen zum Thema personenbezogene Daten k\u00f6nnen Sie sich jederzeit unter der im Impressum angegebenen Adresse an uns wenden.<\/p>\n<p>[\/et_pb_text][et_pb_text _builder_version=&#8221;4.22.2&#8243; _module_preset=&#8221;default&#8221; hover_enabled=&#8221;0&#8243; global_colors_info=&#8221;{}&#8221; sticky_enabled=&#8221;0&#8243;]<\/p>\n<p><strong>Social Plugins<\/strong><\/p>\n<p>Auf unserer Website verwenden wir das Plug-In \u201eInstagram Feed\u201c. Das Plug-In wird von der Smash Balloon LLC in den USA (https:\/\/smashballoon.com\/) entwickelt (\u201eAnbieter\u201c) und wird als WordPress-Plug-In oder als eigenst\u00e4ndiges PHP-Plug-In angeboten. Das Plug-In erm\u00f6glicht es uns den Newsfeed unserer Instagram-Fanpage direkt auf unserer Website darzustellen. Hierzu ruft das Plug-In die Informationen bei Instagram ab und bindet diese in unsere Website ein. Nach derzeitigem Kenntnisstand werden hierbei keine besonderen Cookies speziell von diesem Plug-In in Ihrem Browser gesetzt, die personenbezogene Daten erheben, verarbeiten oder nutzen. Dennoch k\u00f6nnen wir nicht g\u00e4nzlich ausschliessen, dass unter Umst\u00e4nden personenbezogene Daten (z. B. IP-Adressen, Browserdaten o.\u00e4.) an den Anbieter des Plug-Ins oder Instagram \u00fcbermittelt werden. Wenn Sie einen Link in dem Newsfeed anklicken, werden Sie auf unsere Instagram Fanpage weitergeleitetet. In diesem Fall speichert Instagram, von welcher Website Sie unsere Instagram Fanpage aufgerufen haben. N\u00e4heres dazu, welche Daten von Ihnen erhoben, verarbeitet oder genutzt werden, wenn Sie die Seiten von Instagram aufrufen, entnehmen Sie bitte der Datenschutzerkl\u00e4rung von Instagram. Der komplette Funktionsumfang des Plug-Ins kann unter <a href=\"https:\/\/de.wordpress.org\/plugins\/instagram-feed\/\" target=\"_blank\" rel=\"noopener\">https:\/\/de.wordpress.org\/plugins\/instagram-feed\/<\/a> und <a href=\"https:\/\/smashballoon.com\/instagram-feed\" target=\"_blank\" rel=\"noopener\">https:\/\/smashballoon.com\/instagram-feed<\/a> eingesehen werden. Weiter Informationen zum Datenschutz von Smash Balloon gibt es hier: <a href=\"https:\/\/smashballoon.com\/gdpr-and-our-plugins\/\" target=\"_blank\" rel=\"noopener\">https:\/\/smashballoon.com\/gdpr-and-our-plugins\/<\/a>. Wenn Sie nicht w\u00fcnschen, dass Instagram den Besuch unserer Seiten Ihrem Instagram-Nutzerkonto zuordnen kann, loggen Sie sich bitte aus Ihrem Instagram-Benutzerkonto aus.<\/p>\n<p>[\/et_pb_text][\/et_pb_column][\/et_pb_row][\/et_pb_section]<\/p>\n","protected":false},"excerpt":{"rendered":"<p>Privacy policyDie Betreiber dieser Seiten nehmen den Schutz Ihrer pers\u00f6nlichen Daten sehr ernst. Wir behandeln Ihre personenbezogenen Daten vertraulich und entsprechend der gesetzlichen Datenschutzvorschriften sowie dieser Datenschutzerkl\u00e4rung. Die Nutzung unserer Website ist in der Regel ohne Angabe personenbezogener Daten m\u00f6glich. Soweit auf unseren Seiten personenbezogene Daten (beispielsweise Name, Anschrift oder E-Mail-Adressen) erhoben werden, erfolgt dies, [&hellip;]<\/p>\n","protected":false},"author":4,"featured_media":0,"parent":0,"menu_order":0,"comment_status":"closed","ping_status":"closed","template":"","meta":{"_acf_changed":false,"_et_pb_use_builder":"on","_et_pb_old_content":"","_et_gb_content_width":"","footnotes":""},"class_list":["post-11700","page","type-page","status-publish","hentry"],"acf":[],"yoast_head":"<!-- This site is optimized with the Yoast SEO plugin v24.6 - https:\/\/yoast.com\/wordpress\/plugins\/seo\/ -->\n<title>Privacy policy - ISP Z\u00fcrisee AG<\/title>\n<meta name=\"robots\" content=\"index, follow, max-snippet:-1, max-image-preview:large, max-video-preview:-1\" \/>\n<link rel=\"canonical\" href=\"https:\/\/isp-old.marketing-consulting.ch\/en\/auto-draft\/\" \/>\n<meta property=\"og:locale\" content=\"en_US\" \/>\n<meta property=\"og:type\" content=\"article\" \/>\n<meta property=\"og:title\" content=\"Privacy policy - ISP Z\u00fcrisee AG\" \/>\n<meta property=\"og:description\" content=\"Privacy policyDie Betreiber dieser Seiten nehmen den Schutz Ihrer pers\u00f6nlichen Daten sehr ernst. Wir behandeln Ihre personenbezogenen Daten vertraulich und entsprechend der gesetzlichen Datenschutzvorschriften sowie dieser Datenschutzerkl\u00e4rung. Die Nutzung unserer Website ist in der Regel ohne Angabe personenbezogener Daten m\u00f6glich. Soweit auf unseren Seiten personenbezogene Daten (beispielsweise Name, Anschrift oder E-Mail-Adressen) erhoben werden, erfolgt dies, [&hellip;]\" \/>\n<meta property=\"og:url\" content=\"https:\/\/isp-old.marketing-consulting.ch\/en\/auto-draft\/\" \/>\n<meta property=\"og:site_name\" content=\"ISP Z\u00fcrisee AG\" \/>\n<meta property=\"article:publisher\" content=\"https:\/\/www.facebook.com\/ISPZueriseeAG\" \/>\n<meta property=\"article:modified_time\" content=\"2023-10-06T11:55:39+00:00\" \/>\n<meta name=\"twitter:card\" content=\"summary_large_image\" \/>\n<meta name=\"twitter:label1\" content=\"Est. reading time\" \/>\n\t<meta name=\"twitter:data1\" content=\"7 minutes\" \/>\n<script type=\"application\/ld+json\" class=\"yoast-schema-graph\">{\"@context\":\"https:\/\/schema.org\",\"@graph\":[{\"@type\":\"WebPage\",\"@id\":\"https:\/\/isp-old.marketing-consulting.ch\/en\/auto-draft\/\",\"url\":\"https:\/\/isp-old.marketing-consulting.ch\/en\/auto-draft\/\",\"name\":\"Privacy policy - ISP Z\u00fcrisee AG\",\"isPartOf\":{\"@id\":\"https:\/\/isp-old.marketing-consulting.ch\/#website\"},\"datePublished\":\"2023-10-06T11:28:53+00:00\",\"dateModified\":\"2023-10-06T11:55:39+00:00\",\"breadcrumb\":{\"@id\":\"https:\/\/isp-old.marketing-consulting.ch\/en\/auto-draft\/#breadcrumb\"},\"inLanguage\":\"en-US\",\"potentialAction\":[{\"@type\":\"ReadAction\",\"target\":[\"https:\/\/isp-old.marketing-consulting.ch\/en\/auto-draft\/\"]}]},{\"@type\":\"BreadcrumbList\",\"@id\":\"https:\/\/isp-old.marketing-consulting.ch\/en\/auto-draft\/#breadcrumb\",\"itemListElement\":[{\"@type\":\"ListItem\",\"position\":1,\"name\":\"Insektenschutz\",\"item\":\"https:\/\/isp-old.marketing-consulting.ch\/en\/\"},{\"@type\":\"ListItem\",\"position\":2,\"name\":\"Privacy policy\"}]},{\"@type\":\"WebSite\",\"@id\":\"https:\/\/isp-old.marketing-consulting.ch\/#website\",\"url\":\"https:\/\/isp-old.marketing-consulting.ch\/\",\"name\":\"ISP Z\u00fcrisee AG\",\"description\":\"Insektenschutzgitter nach Mass\",\"publisher\":{\"@id\":\"https:\/\/isp-old.marketing-consulting.ch\/#organization\"},\"potentialAction\":[{\"@type\":\"SearchAction\",\"target\":{\"@type\":\"EntryPoint\",\"urlTemplate\":\"https:\/\/isp-old.marketing-consulting.ch\/?s={search_term_string}\"},\"query-input\":{\"@type\":\"PropertyValueSpecification\",\"valueRequired\":true,\"valueName\":\"search_term_string\"}}],\"inLanguage\":\"en-US\"},{\"@type\":\"Organization\",\"@id\":\"https:\/\/isp-old.marketing-consulting.ch\/#organization\",\"name\":\"ISP-Z\u00fcrisee AG\",\"url\":\"https:\/\/isp-old.marketing-consulting.ch\/\",\"logo\":{\"@type\":\"ImageObject\",\"inLanguage\":\"en-US\",\"@id\":\"https:\/\/isp-old.marketing-consulting.ch\/#\/schema\/logo\/image\/\",\"url\":\"http:\/\/isp-old.marketing-consulting.ch\/wp-content\/uploads\/2020\/01\/Tag-der-offenen-Tuer.jpg\",\"contentUrl\":\"http:\/\/isp-old.marketing-consulting.ch\/wp-content\/uploads\/2020\/01\/Tag-der-offenen-Tuer.jpg\",\"width\":276,\"height\":146,\"caption\":\"ISP-Z\u00fcrisee AG\"},\"image\":{\"@id\":\"https:\/\/isp-old.marketing-consulting.ch\/#\/schema\/logo\/image\/\"},\"sameAs\":[\"https:\/\/www.facebook.com\/ISPZueriseeAG\",\"https:\/\/www.instagram.com\/isp_zuerisee_ag\/?hl=de\",\"https:\/\/www.youtube.com\/channel\/UC_WIpMYtTiAjFafShVMaKfA\"]}]}<\/script>\n<!-- \/ Yoast SEO plugin. -->","yoast_head_json":{"title":"Privacy policy - ISP Z\u00fcrisee AG","robots":{"index":"index","follow":"follow","max-snippet":"max-snippet:-1","max-image-preview":"max-image-preview:large","max-video-preview":"max-video-preview:-1"},"canonical":"https:\/\/isp-old.marketing-consulting.ch\/en\/auto-draft\/","og_locale":"en_US","og_type":"article","og_title":"Privacy policy - ISP Z\u00fcrisee AG","og_description":"Privacy policyDie Betreiber dieser Seiten nehmen den Schutz Ihrer pers\u00f6nlichen Daten sehr ernst. Wir behandeln Ihre personenbezogenen Daten vertraulich und entsprechend der gesetzlichen Datenschutzvorschriften sowie dieser Datenschutzerkl\u00e4rung. Die Nutzung unserer Website ist in der Regel ohne Angabe personenbezogener Daten m\u00f6glich. Soweit auf unseren Seiten personenbezogene Daten (beispielsweise Name, Anschrift oder E-Mail-Adressen) erhoben werden, erfolgt dies, [&hellip;]","og_url":"https:\/\/isp-old.marketing-consulting.ch\/en\/auto-draft\/","og_site_name":"ISP Z\u00fcrisee AG","article_publisher":"https:\/\/www.facebook.com\/ISPZueriseeAG","article_modified_time":"2023-10-06T11:55:39+00:00","twitter_card":"summary_large_image","twitter_misc":{"Est. reading time":"7 minutes"},"schema":{"@context":"https:\/\/schema.org","@graph":[{"@type":"WebPage","@id":"https:\/\/isp-old.marketing-consulting.ch\/en\/auto-draft\/","url":"https:\/\/isp-old.marketing-consulting.ch\/en\/auto-draft\/","name":"Privacy policy - ISP Z\u00fcrisee AG","isPartOf":{"@id":"https:\/\/isp-old.marketing-consulting.ch\/#website"},"datePublished":"2023-10-06T11:28:53+00:00","dateModified":"2023-10-06T11:55:39+00:00","breadcrumb":{"@id":"https:\/\/isp-old.marketing-consulting.ch\/en\/auto-draft\/#breadcrumb"},"inLanguage":"en-US","potentialAction":[{"@type":"ReadAction","target":["https:\/\/isp-old.marketing-consulting.ch\/en\/auto-draft\/"]}]},{"@type":"BreadcrumbList","@id":"https:\/\/isp-old.marketing-consulting.ch\/en\/auto-draft\/#breadcrumb","itemListElement":[{"@type":"ListItem","position":1,"name":"Insektenschutz","item":"https:\/\/isp-old.marketing-consulting.ch\/en\/"},{"@type":"ListItem","position":2,"name":"Privacy policy"}]},{"@type":"WebSite","@id":"https:\/\/isp-old.marketing-consulting.ch\/#website","url":"https:\/\/isp-old.marketing-consulting.ch\/","name":"ISP Z\u00fcrisee AG","description":"Insektenschutzgitter nach Mass","publisher":{"@id":"https:\/\/isp-old.marketing-consulting.ch\/#organization"},"potentialAction":[{"@type":"SearchAction","target":{"@type":"EntryPoint","urlTemplate":"https:\/\/isp-old.marketing-consulting.ch\/?s={search_term_string}"},"query-input":{"@type":"PropertyValueSpecification","valueRequired":true,"valueName":"search_term_string"}}],"inLanguage":"en-US"},{"@type":"Organization","@id":"https:\/\/isp-old.marketing-consulting.ch\/#organization","name":"ISP-Z\u00fcrisee AG","url":"https:\/\/isp-old.marketing-consulting.ch\/","logo":{"@type":"ImageObject","inLanguage":"en-US","@id":"https:\/\/isp-old.marketing-consulting.ch\/#\/schema\/logo\/image\/","url":"http:\/\/isp-old.marketing-consulting.ch\/wp-content\/uploads\/2020\/01\/Tag-der-offenen-Tuer.jpg","contentUrl":"http:\/\/isp-old.marketing-consulting.ch\/wp-content\/uploads\/2020\/01\/Tag-der-offenen-Tuer.jpg","width":276,"height":146,"caption":"ISP-Z\u00fcrisee AG"},"image":{"@id":"https:\/\/isp-old.marketing-consulting.ch\/#\/schema\/logo\/image\/"},"sameAs":["https:\/\/www.facebook.com\/ISPZueriseeAG","https:\/\/www.instagram.com\/isp_zuerisee_ag\/?hl=de","https:\/\/www.youtube.com\/channel\/UC_WIpMYtTiAjFafShVMaKfA"]}]}},"_links":{"self":[{"href":"https:\/\/isp-old.marketing-consulting.ch\/en\/wp-json\/wp\/v2\/pages\/11700"}],"collection":[{"href":"https:\/\/isp-old.marketing-consulting.ch\/en\/wp-json\/wp\/v2\/pages"}],"about":[{"href":"https:\/\/isp-old.marketing-consulting.ch\/en\/wp-json\/wp\/v2\/types\/page"}],"author":[{"embeddable":true,"href":"https:\/\/isp-old.marketing-consulting.ch\/en\/wp-json\/wp\/v2\/users\/4"}],"replies":[{"embeddable":true,"href":"https:\/\/isp-old.marketing-consulting.ch\/en\/wp-json\/wp\/v2\/comments?post=11700"}],"version-history":[{"count":2,"href":"https:\/\/isp-old.marketing-consulting.ch\/en\/wp-json\/wp\/v2\/pages\/11700\/revisions"}],"predecessor-version":[{"id":11732,"href":"https:\/\/isp-old.marketing-consulting.ch\/en\/wp-json\/wp\/v2\/pages\/11700\/revisions\/11732"}],"wp:attachment":[{"href":"https:\/\/isp-old.marketing-consulting.ch\/en\/wp-json\/wp\/v2\/media?parent=11700"}],"curies":[{"name":"wp","href":"https:\/\/api.w.org\/{rel}","templated":true}]}}