{"id":6572,"date":"2021-10-23T13:25:13","date_gmt":"2021-10-23T11:25:13","guid":{"rendered":"https:\/\/lang.isp-zuerisee.ch\/impressum\/"},"modified":"2023-10-06T14:03:18","modified_gmt":"2023-10-06T12:03:18","slug":"impressum","status":"publish","type":"page","link":"https:\/\/isp-old.marketing-consulting.ch\/fr\/impressum\/","title":{"rendered":"Imprimer"},"content":{"rendered":"<p>[et_pb_section fb_built=\u00a0\u00bb1&Prime; _builder_version=\u00a0\u00bb4.16&Prime; global_colors_info=\u00a0\u00bb{}\u00a0\u00bb][et_pb_row _builder_version=\u00a0\u00bb4.16&Prime; background_size=\u00a0\u00bbinitial\u00a0\u00bb background_position=\u00a0\u00bbtop_left\u00a0\u00bb background_repeat=\u00a0\u00bbrepeat\u00a0\u00bb global_colors_info=\u00a0\u00bb{}\u00a0\u00bb][et_pb_column type=\u00a0\u00bb4_4&Prime; _builder_version=\u00a0\u00bb4.16&Prime; custom_padding=\u00a0\u00bb|||\u00a0\u00bb global_colors_info=\u00a0\u00bb{}\u00a0\u00bb custom_padding__hover=\u00a0\u00bb|||\u00a0\u00bb][et_pb_text _builder_version=\u00a0\u00bb4.16&Prime; global_colors_info=\u00a0\u00bb{}\u00a0\u00bb]<\/p>\n<h1>Imprimer<\/h1>\n<p>[\/et_pb_text][\/et_pb_column][\/et_pb_row][et_pb_row _builder_version=\u00a0\u00bb4.16&Prime; background_size=\u00a0\u00bbinitial\u00a0\u00bb background_position=\u00a0\u00bbtop_left\u00a0\u00bb background_repeat=\u00a0\u00bbrepeat\u00a0\u00bb global_colors_info=\u00a0\u00bb{}\u00a0\u00bb][et_pb_column type=\u00a0\u00bb4_4&Prime; _builder_version=\u00a0\u00bb4.16&Prime; custom_padding=\u00a0\u00bb|||\u00a0\u00bb global_colors_info=\u00a0\u00bb{}\u00a0\u00bb custom_padding__hover=\u00a0\u00bb|||\u00a0\u00bb][et_pb_text _builder_version=\u00a0\u00bb4.16&Prime; hover_enabled=\u00a0\u00bb0&Prime; global_colors_info=\u00a0\u00bb{}\u00a0\u00bb sticky_enabled=\u00a0\u00bb0&Prime;]<\/p>\n<p><strong>Nom de l&rsquo;entreprise<\/strong><\/p>\n<p>Insektenschutzprodukte ISP-Z\u00fcrisee AG<\/p>\n<p><strong>Adresse<\/strong><\/p>\n<p>H\u00e4mmerli 11<br \/>8855 Wangen\/SZ<\/p>\n<p><strong>T\u00e9l\u00e9phone<\/strong><\/p>\n<p>+41 (0) 55 420 37 37<\/p>\n<p><strong>Fax<\/strong><\/p>\n<p>+41 (0) 55 420 37 39<\/p>\n<p><strong>E-Mail<\/strong><\/p>\n<p><span>info@isp-old.marketing-consulting.ch<\/span><\/p>\n<p><strong>Directeur g\u00e9n\u00e9ral<\/strong><\/p>\n<p>Roland &amp; Sylvia Mauthe<\/p>\n<p><strong>Webdesign<\/strong><\/p>\n<p>Ce site Web a \u00e9t\u00e9 cr\u00e9\u00e9 par le d\u00e9partement de marketing en ligne de ISP-Z\u00fcrisee AG en coop\u00e9ration avec la soci\u00e9t\u00e9 <a href=\"https:\/\/marketing-consulting.ch\/\" target=\"_blank\" rel=\"noopener\">Marketing Consulting<\/a> cr\u00e9\u00e9.<\/p>\n<p><strong>Avertissement<\/strong><\/p>\n<p><span>Malgr\u00e9 un contr\u00f4le minutieux, nous d\u00e9clinons toute responsabilit\u00e9 pour le contenu des liens externes. Le contenu de ces liens est sous la responsabilit\u00e9 des leurs auteurs.<\/span><\/p>\n<p>[\/et_pb_text][\/et_pb_column][\/et_pb_row][\/et_pb_section]<\/p>\n","protected":false},"excerpt":{"rendered":"<p>ImprimerNom de l&rsquo;entreprise Insektenschutzprodukte ISP-Z\u00fcrisee AG Adresse H\u00e4mmerli 118855 Wangen\/SZ T\u00e9l\u00e9phone +41 (0) 55 420 37 37 Fax +41 (0) 55 420 37 39 E-Mail info@isp-old.marketing-consulting.ch Directeur g\u00e9n\u00e9ral Roland &amp; Sylvia Mauthe Webdesign Ce site Web a \u00e9t\u00e9 cr\u00e9\u00e9 par le d\u00e9partement de marketing en ligne de ISP-Z\u00fcrisee AG en coop\u00e9ration avec la soci\u00e9t\u00e9 Marketing [&hellip;]<\/p>\n","protected":false},"author":1,"featured_media":0,"parent":0,"menu_order":0,"comment_status":"closed","ping_status":"closed","template":"","meta":{"_acf_changed":false,"_et_pb_use_builder":"on","_et_pb_old_content":"","_et_gb_content_width":"","footnotes":""},"class_list":["post-6572","page","type-page","status-publish","hentry"],"acf":[],"yoast_head":"<!-- This site is optimized with the Yoast SEO plugin v24.6 - https:\/\/yoast.com\/wordpress\/plugins\/seo\/ -->\n<title>Imprimer - ISP Z\u00fcrisee AG<\/title>\n<meta name=\"description\" content=\"Informations sur les mentions l\u00e9gales et la protection des donn\u00e9es de la soci\u00e9t\u00e9 ISP-Zurisee AG.\" \/>\n<meta name=\"robots\" content=\"noindex, follow\" \/>\n<meta property=\"og:locale\" content=\"fr_FR\" \/>\n<meta property=\"og:type\" content=\"article\" \/>\n<meta property=\"og:title\" content=\"Imprimer - ISP Z\u00fcrisee AG\" \/>\n<meta property=\"og:description\" content=\"Informations sur les mentions l\u00e9gales et la protection des donn\u00e9es de la soci\u00e9t\u00e9 ISP-Zurisee AG.\" \/>\n<meta property=\"og:url\" content=\"http:\/\/isp-old.marketing-consulting.ch\/fr\/impressum\/\" \/>\n<meta property=\"og:site_name\" content=\"ISP Z\u00fcrisee AG\" \/>\n<meta property=\"article:publisher\" content=\"https:\/\/www.facebook.com\/ISPZueriseeAG\" \/>\n<meta property=\"article:modified_time\" content=\"2023-10-06T12:03:18+00:00\" \/>\n<meta name=\"twitter:card\" content=\"summary_large_image\" \/>\n<meta name=\"twitter:label1\" content=\"Dur\u00e9e de lecture estim\u00e9e\" \/>\n\t<meta name=\"twitter:data1\" content=\"1 minute\" \/>\n<script type=\"application\/ld+json\" class=\"yoast-schema-graph\">{\"@context\":\"https:\/\/schema.org\",\"@graph\":[{\"@type\":\"WebPage\",\"@id\":\"https:\/\/isp-old.marketing-consulting.ch\/fr\/impressum\/\",\"url\":\"http:\/\/isp-old.marketing-consulting.ch\/fr\/impressum\/\",\"name\":\"Imprimer - ISP Z\u00fcrisee AG\",\"isPartOf\":{\"@id\":\"https:\/\/isp-old.marketing-consulting.ch\/#website\"},\"datePublished\":\"2021-10-23T11:25:13+00:00\",\"dateModified\":\"2023-10-06T12:03:18+00:00\",\"description\":\"Informations sur les mentions l\u00e9gales et la protection des donn\u00e9es de la soci\u00e9t\u00e9 ISP-Zurisee AG.\",\"breadcrumb\":{\"@id\":\"http:\/\/isp-old.marketing-consulting.ch\/fr\/impressum\/#breadcrumb\"},\"inLanguage\":\"fr-FR\",\"potentialAction\":[{\"@type\":\"ReadAction\",\"target\":[\"http:\/\/isp-old.marketing-consulting.ch\/fr\/impressum\/\"]}]},{\"@type\":\"BreadcrumbList\",\"@id\":\"http:\/\/isp-old.marketing-consulting.ch\/fr\/impressum\/#breadcrumb\",\"itemListElement\":[{\"@type\":\"ListItem\",\"position\":1,\"name\":\"Insektenschutz\",\"item\":\"https:\/\/isp-old.marketing-consulting.ch\/\"},{\"@type\":\"ListItem\",\"position\":2,\"name\":\"Imprimer\"}]},{\"@type\":\"WebSite\",\"@id\":\"https:\/\/isp-old.marketing-consulting.ch\/#website\",\"url\":\"https:\/\/isp-old.marketing-consulting.ch\/\",\"name\":\"ISP Z\u00fcrisee AG\",\"description\":\"Insektenschutzgitter nach Mass\",\"publisher\":{\"@id\":\"https:\/\/isp-old.marketing-consulting.ch\/#organization\"},\"potentialAction\":[{\"@type\":\"SearchAction\",\"target\":{\"@type\":\"EntryPoint\",\"urlTemplate\":\"https:\/\/isp-old.marketing-consulting.ch\/?s={search_term_string}\"},\"query-input\":{\"@type\":\"PropertyValueSpecification\",\"valueRequired\":true,\"valueName\":\"search_term_string\"}}],\"inLanguage\":\"fr-FR\"},{\"@type\":\"Organization\",\"@id\":\"https:\/\/isp-old.marketing-consulting.ch\/#organization\",\"name\":\"ISP-Z\u00fcrisee AG\",\"url\":\"https:\/\/isp-old.marketing-consulting.ch\/\",\"logo\":{\"@type\":\"ImageObject\",\"inLanguage\":\"fr-FR\",\"@id\":\"https:\/\/isp-old.marketing-consulting.ch\/#\/schema\/logo\/image\/\",\"url\":\"http:\/\/isp-old.marketing-consulting.ch\/wp-content\/uploads\/2020\/01\/Tag-der-offenen-Tuer.jpg\",\"contentUrl\":\"http:\/\/isp-old.marketing-consulting.ch\/wp-content\/uploads\/2020\/01\/Tag-der-offenen-Tuer.jpg\",\"width\":276,\"height\":146,\"caption\":\"ISP-Z\u00fcrisee AG\"},\"image\":{\"@id\":\"https:\/\/isp-old.marketing-consulting.ch\/#\/schema\/logo\/image\/\"},\"sameAs\":[\"https:\/\/www.facebook.com\/ISPZueriseeAG\",\"https:\/\/www.instagram.com\/isp_zuerisee_ag\/?hl=de\",\"https:\/\/www.youtube.com\/channel\/UC_WIpMYtTiAjFafShVMaKfA\"]}]}<\/script>\n<!-- \/ Yoast SEO plugin. -->","yoast_head_json":{"title":"Imprimer - ISP Z\u00fcrisee AG","description":"Informations sur les mentions l\u00e9gales et la protection des donn\u00e9es de la soci\u00e9t\u00e9 ISP-Zurisee AG.","robots":{"index":"noindex","follow":"follow"},"og_locale":"fr_FR","og_type":"article","og_title":"Imprimer - ISP Z\u00fcrisee AG","og_description":"Informations sur les mentions l\u00e9gales et la protection des donn\u00e9es de la soci\u00e9t\u00e9 ISP-Zurisee AG.","og_url":"http:\/\/isp-old.marketing-consulting.ch\/fr\/impressum\/","og_site_name":"ISP Z\u00fcrisee AG","article_publisher":"https:\/\/www.facebook.com\/ISPZueriseeAG","article_modified_time":"2023-10-06T12:03:18+00:00","twitter_card":"summary_large_image","twitter_misc":{"Dur\u00e9e de lecture estim\u00e9e":"1 minute"},"schema":{"@context":"https:\/\/schema.org","@graph":[{"@type":"WebPage","@id":"https:\/\/isp-old.marketing-consulting.ch\/fr\/impressum\/","url":"http:\/\/isp-old.marketing-consulting.ch\/fr\/impressum\/","name":"Imprimer - ISP Z\u00fcrisee AG","isPartOf":{"@id":"https:\/\/isp-old.marketing-consulting.ch\/#website"},"datePublished":"2021-10-23T11:25:13+00:00","dateModified":"2023-10-06T12:03:18+00:00","description":"Informations sur les mentions l\u00e9gales et la protection des donn\u00e9es de la soci\u00e9t\u00e9 ISP-Zurisee AG.","breadcrumb":{"@id":"http:\/\/isp-old.marketing-consulting.ch\/fr\/impressum\/#breadcrumb"},"inLanguage":"fr-FR","potentialAction":[{"@type":"ReadAction","target":["http:\/\/isp-old.marketing-consulting.ch\/fr\/impressum\/"]}]},{"@type":"BreadcrumbList","@id":"http:\/\/isp-old.marketing-consulting.ch\/fr\/impressum\/#breadcrumb","itemListElement":[{"@type":"ListItem","position":1,"name":"Insektenschutz","item":"https:\/\/isp-old.marketing-consulting.ch\/"},{"@type":"ListItem","position":2,"name":"Imprimer"}]},{"@type":"WebSite","@id":"https:\/\/isp-old.marketing-consulting.ch\/#website","url":"https:\/\/isp-old.marketing-consulting.ch\/","name":"ISP Z\u00fcrisee AG","description":"Insektenschutzgitter nach Mass","publisher":{"@id":"https:\/\/isp-old.marketing-consulting.ch\/#organization"},"potentialAction":[{"@type":"SearchAction","target":{"@type":"EntryPoint","urlTemplate":"https:\/\/isp-old.marketing-consulting.ch\/?s={search_term_string}"},"query-input":{"@type":"PropertyValueSpecification","valueRequired":true,"valueName":"search_term_string"}}],"inLanguage":"fr-FR"},{"@type":"Organization","@id":"https:\/\/isp-old.marketing-consulting.ch\/#organization","name":"ISP-Z\u00fcrisee AG","url":"https:\/\/isp-old.marketing-consulting.ch\/","logo":{"@type":"ImageObject","inLanguage":"fr-FR","@id":"https:\/\/isp-old.marketing-consulting.ch\/#\/schema\/logo\/image\/","url":"http:\/\/isp-old.marketing-consulting.ch\/wp-content\/uploads\/2020\/01\/Tag-der-offenen-Tuer.jpg","contentUrl":"http:\/\/isp-old.marketing-consulting.ch\/wp-content\/uploads\/2020\/01\/Tag-der-offenen-Tuer.jpg","width":276,"height":146,"caption":"ISP-Z\u00fcrisee AG"},"image":{"@id":"https:\/\/isp-old.marketing-consulting.ch\/#\/schema\/logo\/image\/"},"sameAs":["https:\/\/www.facebook.com\/ISPZueriseeAG","https:\/\/www.instagram.com\/isp_zuerisee_ag\/?hl=de","https:\/\/www.youtube.com\/channel\/UC_WIpMYtTiAjFafShVMaKfA"]}]}},"_links":{"self":[{"href":"https:\/\/isp-old.marketing-consulting.ch\/fr\/wp-json\/wp\/v2\/pages\/6572"}],"collection":[{"href":"https:\/\/isp-old.marketing-consulting.ch\/fr\/wp-json\/wp\/v2\/pages"}],"about":[{"href":"https:\/\/isp-old.marketing-consulting.ch\/fr\/wp-json\/wp\/v2\/types\/page"}],"author":[{"embeddable":true,"href":"https:\/\/isp-old.marketing-consulting.ch\/fr\/wp-json\/wp\/v2\/users\/1"}],"replies":[{"embeddable":true,"href":"https:\/\/isp-old.marketing-consulting.ch\/fr\/wp-json\/wp\/v2\/comments?post=6572"}],"version-history":[{"count":1,"href":"https:\/\/isp-old.marketing-consulting.ch\/fr\/wp-json\/wp\/v2\/pages\/6572\/revisions"}],"predecessor-version":[{"id":11733,"href":"https:\/\/isp-old.marketing-consulting.ch\/fr\/wp-json\/wp\/v2\/pages\/6572\/revisions\/11733"}],"wp:attachment":[{"href":"https:\/\/isp-old.marketing-consulting.ch\/fr\/wp-json\/wp\/v2\/media?parent=6572"}],"curies":[{"name":"wp","href":"https:\/\/api.w.org\/{rel}","templated":true}]}}