{"id":6629,"date":"2021-10-23T14:00:12","date_gmt":"2021-10-23T12:00:12","guid":{"rendered":"https:\/\/lang.isp-zuerisee.ch\/produkte\/dreh-und-pendelelemente\/"},"modified":"2023-07-24T11:17:35","modified_gmt":"2023-07-24T09:17:35","slug":"dreh-und-pendelelemente","status":"publish","type":"page","link":"https:\/\/isp-old.marketing-consulting.ch\/fr\/produkte\/dreh-und-pendelelemente\/","title":{"rendered":"Portes pivotantes ou \u00e0 battant"},"content":{"rendered":"<p>[et_pb_section fb_built=\u00a0\u00bb1&Prime; _builder_version=\u00a0\u00bb4.16&Prime; global_colors_info=\u00a0\u00bb{}\u00a0\u00bb][et_pb_row _builder_version=\u00a0\u00bb4.16&Prime; background_size=\u00a0\u00bbinitial\u00a0\u00bb background_position=\u00a0\u00bbtop_left\u00a0\u00bb background_repeat=\u00a0\u00bbrepeat\u00a0\u00bb global_colors_info=\u00a0\u00bb{}\u00a0\u00bb][et_pb_column type=\u00a0\u00bb4_4&Prime; _builder_version=\u00a0\u00bb4.16&Prime; custom_padding=\u00a0\u00bb|||\u00a0\u00bb global_colors_info=\u00a0\u00bb{}\u00a0\u00bb custom_padding__hover=\u00a0\u00bb|||\u00a0\u00bb][et_pb_text _builder_version=\u00a0\u00bb4.16&Prime; global_colors_info=\u00a0\u00bb{}\u00a0\u00bb]<\/p>\n<h1>Portes pivotantes ou \u00e0 battant<\/h1>\n<p>[\/et_pb_text][\/et_pb_column][\/et_pb_row][et_pb_row column_structure=\u00a0\u00bb1_2,1_2&Prime; _builder_version=\u00a0\u00bb4.16&Prime; background_size=\u00a0\u00bbinitial\u00a0\u00bb background_position=\u00a0\u00bbtop_left\u00a0\u00bb background_repeat=\u00a0\u00bbrepeat\u00a0\u00bb global_colors_info=\u00a0\u00bb{}\u00a0\u00bb][et_pb_column type=\u00a0\u00bb1_2&Prime; _builder_version=\u00a0\u00bb4.16&Prime; custom_padding=\u00a0\u00bb|||\u00a0\u00bb global_colors_info=\u00a0\u00bb{}\u00a0\u00bb custom_padding__hover=\u00a0\u00bb|||\u00a0\u00bb][et_pb_text _builder_version=\u00a0\u00bb4.16&Prime; global_colors_info=\u00a0\u00bb{}\u00a0\u00bb]<\/p>\n<p>Portes pivotantes ou \u00e0 battant sont id\u00e9ales pour les passages fr\u00e9quemment utilis\u00e9s tels que les entr\u00e9es de maison ou les portes-fen\u00eatres. On distingue ici les portes tournantes (ouvrant d&rsquo;un c\u00f4t\u00e9) et les portes battantes (ouvrant des deux c\u00f4t\u00e9s). Lors du montage, le cadre est install\u00e9 de mani\u00e8re permanente entre les cadres de fen\u00eatres ou de portes et les stores \u00e0 lamelles ou les stores, si possible. La fermeture est tr\u00e8s douce et les portes peuvent \u00eatre command\u00e9es en option avec un rabat animal. <\/p>\n<p> <strong> Profils de cadre : <\/strong> <br \/> &#8211; En aluminium thermolaqu\u00e9 ou anodis\u00e9 <br \/> &#8211; Couleurs standards : aluminium anodis\u00e9 blanc et clair <br \/> &#8211; Tous RAL, NCS ou IGP les couleurs sont disponibles moyennant un suppl\u00e9ment <br \/> &#8211; Grande stabilit\u00e9 gr\u00e2ce aux coins coll\u00e9s et en plus press\u00e9s <\/p>\n<p> <strong> Filets de qualit\u00e9 : <\/strong> <br \/> &#8211; Tissu en fibre de verre r\u00e9sistant aux UV <br \/> &#8211; Plastique gain\u00e9 et soud\u00e9 \u00e9troitement \u00e0 la maille <br \/> &#8211; Existe en noir ou gris <br \/> &#8211; \u00c9galement disponible avec \u00e9cran PET*, protection contre le pollen, maille en acier inoxydable, ou avec &#038; nbsp; &#038; nbsp; &#038; nbsp; meilleure vue <br \/> &#8211; Les filets peuvent \u00eatre \u00e9chang\u00e9s \u00e0 tout moment <\/p>\n<p> * Pet-Screen = incassable, \u201e\u00e0 l&rsquo;\u00e9preuve des griffes\u201c<\/p>\n<p>[\/et_pb_text][\/et_pb_column][et_pb_column type=\u00a0\u00bb1_2&Prime; _builder_version=\u00a0\u00bb4.16&Prime; custom_padding=\u00a0\u00bb|||\u00a0\u00bb global_colors_info=\u00a0\u00bb{}\u00a0\u00bb custom_padding__hover=\u00a0\u00bb|||\u00a0\u00bb][image_hotspot_parent image=\u00a0\u00bbhttp:\/\/isp-old.marketing-consulting.ch\/wp-content\/uploads\/2022\/01\/Pendeltuer.jpg\u00a0\u00bb _builder_version=\u00a0\u00bb4.19.0&Prime; global_colors_info=\u00a0\u00bb{}\u00a0\u00bb][image_hotspot_child pointer_vertical_position=\u00a0\u00bb0.9%\u00a0\u00bb pointer_horizontal_position=\u00a0\u00bb22.2%\u00a0\u00bb image=\u00a0\u00bbhttp:\/\/isp-old.marketing-consulting.ch\/wp-content\/uploads\/2019\/05\/Filigranes-Design.jpg\u00a0\u00bb title=\u00a0\u00bbConception en filigrane\u00a0\u00bb desc=\u00a0\u00bbLa profondeur du cadre n&rsquo;est que de 17 mm.\u00a0\u00bb icon_font_size=\u00a0\u00bb30px\u00a0\u00bb tooltip_bg=\u00a0\u00bb#ffffff\u00a0\u00bb tooltip_width=\u00a0\u00bb310px\u00a0\u00bb _builder_version=\u00a0\u00bb4.16&Prime; title_font=\u00a0\u00bb||||||||\u00a0\u00bb title_text_color=\u00a0\u00bb#333333&Prime; content_font=\u00a0\u00bb||||||||\u00a0\u00bb content_text_color=\u00a0\u00bb#333333&Prime; box_shadow_style=\u00a0\u00bbpreset1&Prime; box_shadow_color=\u00a0\u00bb#333333&Prime; global_colors_info=\u00a0\u00bb{}\u00a0\u00bb][\/image_hotspot_child][image_hotspot_child pointer_vertical_position=\u00a0\u00bb1.2%\u00a0\u00bb pointer_horizontal_position=\u00a0\u00bb69.1%\u00a0\u00bb image=\u00a0\u00bbhttp:\/\/isp-old.marketing-consulting.ch\/wp-content\/uploads\/2019\/03\/MLC08853.jpg\u00a0\u00bb title=\u00a0\u00bbTraitement propre\u00a0\u00bb desc=\u00a0\u00bbLes profils de ch\u00e2ssis sont coup\u00e9s dans l&rsquo;onglet.\u00a0\u00bb icon_font_size=\u00a0\u00bb30px\u00a0\u00bb tooltip_bg=\u00a0\u00bb#ffffff\u00a0\u00bb tooltip_width=\u00a0\u00bb310px\u00a0\u00bb _builder_version=\u00a0\u00bb4.16&Prime; title_font=\u00a0\u00bb||||||||\u00a0\u00bb title_text_color=\u00a0\u00bb#333333&Prime; content_font=\u00a0\u00bb||||||||\u00a0\u00bb content_text_color=\u00a0\u00bb#333333&Prime; box_shadow_style=\u00a0\u00bbpreset1&Prime; global_colors_info=\u00a0\u00bb{}\u00a0\u00bb][\/image_hotspot_child][image_hotspot_child pointer_vertical_position=\u00a0\u00bb44.4%\u00a0\u00bb pointer_horizontal_position=\u00a0\u00bb32.3%\u00a0\u00bb tooltip_position_mobile=\u00a0\u00bbmobile-top\u00a0\u00bb image=\u00a0\u00bbhttp:\/\/isp-old.marketing-consulting.ch\/wp-content\/uploads\/2019\/05\/Griffsprosse.jpg\u00a0\u00bb title=\u00a0\u00bbBarreau de poign\u00e9e\u00a0\u00bb desc=\u00a0\u00bbTr\u00e8s facile \u00e0 utiliser et s&rsquo;ouvre des deux c\u00f4t\u00e9s.\u00a0\u00bb icon_font_size=\u00a0\u00bb30px\u00a0\u00bb tooltip_bg=\u00a0\u00bb#ffffff\u00a0\u00bb tooltip_width=\u00a0\u00bb310px\u00a0\u00bb _builder_version=\u00a0\u00bb4.16&Prime; title_font=\u00a0\u00bb||||||||\u00a0\u00bb title_text_color=\u00a0\u00bb#333333&Prime; content_font=\u00a0\u00bb||||||||\u00a0\u00bb content_text_color=\u00a0\u00bb#333333&Prime; box_shadow_style=\u00a0\u00bbpreset1&Prime; global_colors_info=\u00a0\u00bb{}\u00a0\u00bb][\/image_hotspot_child][image_hotspot_child pointer_vertical_position=\u00a0\u00bb57%\u00a0\u00bb pointer_horizontal_position=\u00a0\u00bb59%\u00a0\u00bb tooltip_position=\u00a0\u00bbtop\u00a0\u00bb tooltip_position_tablet=\u00a0\u00bbtablet-top\u00a0\u00bb tooltip_position_mobile=\u00a0\u00bbmobile-top\u00a0\u00bb image=\u00a0\u00bbhttp:\/\/isp-old.marketing-consulting.ch\/wp-content\/uploads\/2019\/05\/Netzarten.png\u00a0\u00bb title=\u00a0\u00bbMaille d&rsquo;\u00e9cran d&rsquo;animal familier\u00a0\u00bb desc=\u00a0\u00bb(disponible en option)<\/p>\n<p>Extr\u00eamement r\u00e9sistant aux griffes. Fortement recommand\u00e9 pour les propri\u00e9taires d&rsquo;animaux.\u00a0\u00bb icon_font_size=\u00a0\u00bb30px\u00a0\u00bb tooltip_bg=\u00a0\u00bb#ffffff\u00a0\u00bb tooltip_width=\u00a0\u00bb310px\u00a0\u00bb _builder_version=\u00a0\u00bb4.16&Prime; title_font=\u00a0\u00bb||||||||\u00a0\u00bb title_text_color=\u00a0\u00bb#333333&Prime; content_font=\u00a0\u00bb||||||||\u00a0\u00bb content_text_color=\u00a0\u00bb#333333&Prime; box_shadow_style=\u00a0\u00bbpreset1&Prime; global_colors_info=\u00a0\u00bb{}\u00a0\u00bb][\/image_hotspot_child][image_hotspot_child pointer_vertical_position=\u00a0\u00bb71.1%\u00a0\u00bb pointer_horizontal_position=\u00a0\u00bb47.7%\u00a0\u00bb tooltip_position=\u00a0\u00bbtop\u00a0\u00bb tooltip_position_tablet=\u00a0\u00bbtablet-top\u00a0\u00bb tooltip_position_mobile=\u00a0\u00bbmobile-top\u00a0\u00bb image=\u00a0\u00bbhttp:\/\/isp-old.marketing-consulting.ch\/wp-content\/uploads\/2022\/11\/Katzenklappe.jpg\u00a0\u00bb title=\u00a0\u00bbVolet animal\u00a0\u00bb desc=\u00a0\u00bb(disponible en option)<\/p>\n<p>Id\u00e9al pour les propri\u00e9taires de chats et de chiens.\u00a0\u00bb icon_font_size=\u00a0\u00bb30px\u00a0\u00bb tooltip_bg=\u00a0\u00bb#ffffff\u00a0\u00bb tooltip_width=\u00a0\u00bb310px\u00a0\u00bb _builder_version=\u00a0\u00bb4.19.0&Prime; title_font=\u00a0\u00bb||||||||\u00a0\u00bb title_text_color=\u00a0\u00bb#333333&Prime; content_font=\u00a0\u00bb||||||||\u00a0\u00bb content_text_color=\u00a0\u00bb#333333&Prime; box_shadow_style=\u00a0\u00bbpreset1&Prime; global_colors_info=\u00a0\u00bb{}\u00a0\u00bb][\/image_hotspot_child][image_hotspot_child pointer_vertical_position=\u00a0\u00bb82.7%\u00a0\u00bb pointer_horizontal_position=\u00a0\u00bb22.8%\u00a0\u00bb tooltip_position=\u00a0\u00bbtop\u00a0\u00bb tooltip_position_tablet=\u00a0\u00bbtablet-top\u00a0\u00bb tooltip_position_mobile=\u00a0\u00bbmobile-top\u00a0\u00bb image=\u00a0\u00bbhttp:\/\/isp-old.marketing-consulting.ch\/wp-content\/uploads\/2019\/03\/MLC08907.jpg\u00a0\u00bb title=\u00a0\u00bbBrosse joint\u00a0\u00bb desc=\u00a0\u00bbEtanch\u00e9it\u00e9 optimale entre vantail et dormant.\u00a0\u00bb icon_font_size=\u00a0\u00bb30px\u00a0\u00bb tooltip_bg=\u00a0\u00bb#ffffff\u00a0\u00bb tooltip_width=\u00a0\u00bb310px\u00a0\u00bb _builder_version=\u00a0\u00bb4.16&Prime; title_font=\u00a0\u00bb||||||||\u00a0\u00bb title_text_color=\u00a0\u00bb#333333&Prime; content_font=\u00a0\u00bb||||||||\u00a0\u00bb content_text_color=\u00a0\u00bb#333333&Prime; box_shadow_style=\u00a0\u00bbpreset1&Prime; global_colors_info=\u00a0\u00bb{}\u00a0\u00bb][\/image_hotspot_child][image_hotspot_child pointer_vertical_position=\u00a0\u00bb80.6%\u00a0\u00bb pointer_horizontal_position=\u00a0\u00bb62.1%\u00a0\u00bb tooltip_position=\u00a0\u00bbtop\u00a0\u00bb tooltip_position_tablet=\u00a0\u00bbtablet-top\u00a0\u00bb tooltip_position_mobile=\u00a0\u00bbmobile-top\u00a0\u00bb image=\u00a0\u00bbhttp:\/\/isp-old.marketing-consulting.ch\/wp-content\/uploads\/2019\/05\/Trittschutzblech.jpg\u00a0\u00bb title=\u00a0\u00bbPlaque de protection des marches\u00a0\u00bb desc=\u00a0\u00bbPoussez simplement avec vos pieds.\u00a0\u00bb icon_font_size=\u00a0\u00bb30px\u00a0\u00bb tooltip_bg=\u00a0\u00bb#ffffff\u00a0\u00bb tooltip_width=\u00a0\u00bb310px\u00a0\u00bb _builder_version=\u00a0\u00bb4.16&Prime; title_font=\u00a0\u00bb||||||||\u00a0\u00bb title_text_color=\u00a0\u00bb#333333&Prime; content_font=\u00a0\u00bb||||||||\u00a0\u00bb content_text_color=\u00a0\u00bb#333333&Prime; box_shadow_style=\u00a0\u00bbpreset1&Prime; global_colors_info=\u00a0\u00bb{}\u00a0\u00bb][\/image_hotspot_child][\/image_hotspot_parent][et_pb_image src=\u00a0\u00bbhttps:\/\/lang.isp-old.marketing-consulting.ch\/wp-content\/uploads\/2019\/02\/R_1-new.png\u00a0\u00bb align_tablet=\u00a0\u00bbcenter\u00a0\u00bb align_phone=\u00a0\u00bbcenter\u00a0\u00bb align_last_edited=\u00a0\u00bbon|desktop\u00a0\u00bb disabled_on=\u00a0\u00bbon|on|on\u00a0\u00bb _builder_version=\u00a0\u00bb4.16&Prime; disabled=\u00a0\u00bbon\u00a0\u00bb global_colors_info=\u00a0\u00bb{}\u00a0\u00bb][\/et_pb_image][\/et_pb_column][\/et_pb_row][et_pb_row _builder_version=\u00a0\u00bb4.16&Prime; global_colors_info=\u00a0\u00bb{}\u00a0\u00bb][et_pb_column type=\u00a0\u00bb4_4&Prime; _builder_version=\u00a0\u00bb4.16&Prime; custom_padding=\u00a0\u00bb|||\u00a0\u00bb global_colors_info=\u00a0\u00bb{}\u00a0\u00bb custom_padding__hover=\u00a0\u00bb|||\u00a0\u00bb][et_pb_text _builder_version=\u00a0\u00bb4.16&Prime; global_colors_info=\u00a0\u00bb{}\u00a0\u00bb]<\/p>\n<h2>Galerie de photos et de vid\u00e9os<\/h2>\n<p>[\/et_pb_text][et_pb_gallery gallery_ids=\u00a0\u00bb3498,3501,1244,1238&Prime; show_title_and_caption=\u00a0\u00bboff\u00a0\u00bb show_pagination=\u00a0\u00bboff\u00a0\u00bb _builder_version=\u00a0\u00bb4.16&Prime; title_font=\u00a0\u00bb||||||||\u00a0\u00bb pagination_font=\u00a0\u00bb||||||||\u00a0\u00bb global_colors_info=\u00a0\u00bb{}\u00a0\u00bb][\/et_pb_gallery][\/et_pb_column][\/et_pb_row][et_pb_row column_structure=\u00a0\u00bb1_2,1_2&Prime; _builder_version=\u00a0\u00bb4.16&Prime; global_colors_info=\u00a0\u00bb{}\u00a0\u00bb][et_pb_column type=\u00a0\u00bb1_2&Prime; _builder_version=\u00a0\u00bb4.16&Prime; custom_padding=\u00a0\u00bb|||\u00a0\u00bb global_colors_info=\u00a0\u00bb{}\u00a0\u00bb custom_padding__hover=\u00a0\u00bb|||\u00a0\u00bb][et_pb_video src=\u00a0\u00bbhttps:\/\/youtu.be\/o-9mpVaBwR8&Prime; _builder_version=\u00a0\u00bb4.16&Prime; hover_enabled=\u00a0\u00bb0&Prime; global_colors_info=\u00a0\u00bb{}\u00a0\u00bb sticky_enabled=\u00a0\u00bb0&Prime;][\/et_pb_video][et_pb_text _builder_version=\u00a0\u00bb4.21.0&Prime; hover_enabled=\u00a0\u00bb0&Prime; global_colors_info=\u00a0\u00bb{}\u00a0\u00bb sticky_enabled=\u00a0\u00bb0&Prime;]<\/p>\n<h3 style=\"text-align: center;\">Porte battante explications<\/h3>\n<p>[\/et_pb_text][\/et_pb_column][et_pb_column type=\u00a0\u00bb1_2&Prime; _builder_version=\u00a0\u00bb4.16&Prime; custom_padding=\u00a0\u00bb|||\u00a0\u00bb global_colors_info=\u00a0\u00bb{}\u00a0\u00bb custom_padding__hover=\u00a0\u00bb|||\u00a0\u00bb][et_pb_video src=\u00a0\u00bbhttps:\/\/youtu.be\/S2_Vm2zjRyY\u00a0\u00bb _builder_version=\u00a0\u00bb4.16&Prime; hover_enabled=\u00a0\u00bb0&Prime; global_colors_info=\u00a0\u00bb{}\u00a0\u00bb sticky_enabled=\u00a0\u00bb0&Prime;][\/et_pb_video][et_pb_text _builder_version=\u00a0\u00bb4.21.0&Prime; hover_enabled=\u00a0\u00bb0&Prime; global_colors_info=\u00a0\u00bb{}\u00a0\u00bb sticky_enabled=\u00a0\u00bb0&Prime;]<\/p>\n<h3 style=\"text-align: center;\">Porte battante assembl\u00e9<\/h3>\n<p>[\/et_pb_text][\/et_pb_column][\/et_pb_row][\/et_pb_section]<\/p>\n","protected":false},"excerpt":{"rendered":"<p>Portes pivotantes ou \u00e0 battantPortes pivotantes ou \u00e0 battant sont id\u00e9ales pour les passages fr\u00e9quemment utilis\u00e9s tels que les entr\u00e9es de maison ou les portes-fen\u00eatres. On distingue ici les portes tournantes (ouvrant d&rsquo;un c\u00f4t\u00e9) et les portes battantes (ouvrant des deux c\u00f4t\u00e9s). Lors du montage, le cadre est install\u00e9 de mani\u00e8re permanente entre les cadres [&hellip;]<\/p>\n","protected":false},"author":1,"featured_media":0,"parent":6624,"menu_order":0,"comment_status":"closed","ping_status":"closed","template":"","meta":{"_acf_changed":false,"_et_pb_use_builder":"on","_et_pb_old_content":"","_et_gb_content_width":"","footnotes":""},"class_list":["post-6629","page","type-page","status-publish","hentry"],"acf":[],"yoast_head":"<!-- This site is optimized with the Yoast SEO plugin v24.6 - https:\/\/yoast.com\/wordpress\/plugins\/seo\/ -->\n<title>Portes pivotantes ou \u00e0 battant - ISP Z\u00fcrisee AG<\/title>\n<meta name=\"description\" content=\"Construction solide. Id\u00e9al pour les passages et les fen\u00eatres fr\u00e9quemment utilis\u00e9s. Disponible en variante qui s&#039;ouvre d&#039;un ou des deux c\u00f4t\u00e9s.\" \/>\n<meta name=\"robots\" content=\"index, follow, max-snippet:-1, max-image-preview:large, max-video-preview:-1\" \/>\n<link rel=\"canonical\" href=\"https:\/\/isp-old.marketing-consulting.ch\/fr\/produkte\/dreh-und-pendelelemente\/\" \/>\n<meta property=\"og:locale\" content=\"fr_FR\" \/>\n<meta property=\"og:type\" content=\"article\" \/>\n<meta property=\"og:title\" content=\"Portes pivotantes ou \u00e0 battant - ISP Z\u00fcrisee AG\" \/>\n<meta property=\"og:description\" content=\"Construction solide. Id\u00e9al pour les passages et les fen\u00eatres fr\u00e9quemment utilis\u00e9s. Disponible en variante qui s&#039;ouvre d&#039;un ou des deux c\u00f4t\u00e9s.\" \/>\n<meta property=\"og:url\" content=\"https:\/\/isp-old.marketing-consulting.ch\/fr\/produkte\/dreh-und-pendelelemente\/\" \/>\n<meta property=\"og:site_name\" content=\"ISP Z\u00fcrisee AG\" \/>\n<meta property=\"article:publisher\" content=\"https:\/\/www.facebook.com\/ISPZueriseeAG\" \/>\n<meta property=\"article:modified_time\" content=\"2023-07-24T09:17:35+00:00\" \/>\n<meta name=\"twitter:card\" content=\"summary_large_image\" \/>\n<meta name=\"twitter:label1\" content=\"Dur\u00e9e de lecture estim\u00e9e\" \/>\n\t<meta name=\"twitter:data1\" content=\"6 minutes\" \/>\n<script type=\"application\/ld+json\" class=\"yoast-schema-graph\">{\"@context\":\"https:\/\/schema.org\",\"@graph\":[{\"@type\":\"WebPage\",\"@id\":\"https:\/\/isp-old.marketing-consulting.ch\/fr\/produkte\/dreh-und-pendelelemente\/\",\"url\":\"https:\/\/isp-old.marketing-consulting.ch\/fr\/produkte\/dreh-und-pendelelemente\/\",\"name\":\"Portes pivotantes ou \u00e0 battant - ISP Z\u00fcrisee AG\",\"isPartOf\":{\"@id\":\"https:\/\/isp-old.marketing-consulting.ch\/#website\"},\"datePublished\":\"2021-10-23T12:00:12+00:00\",\"dateModified\":\"2023-07-24T09:17:35+00:00\",\"description\":\"Construction solide. Id\u00e9al pour les passages et les fen\u00eatres fr\u00e9quemment utilis\u00e9s. Disponible en variante qui s'ouvre d'un ou des deux c\u00f4t\u00e9s.\",\"breadcrumb\":{\"@id\":\"https:\/\/isp-old.marketing-consulting.ch\/fr\/produkte\/dreh-und-pendelelemente\/#breadcrumb\"},\"inLanguage\":\"fr-FR\",\"potentialAction\":[{\"@type\":\"ReadAction\",\"target\":[\"https:\/\/isp-old.marketing-consulting.ch\/fr\/produkte\/dreh-und-pendelelemente\/\"]}]},{\"@type\":\"BreadcrumbList\",\"@id\":\"https:\/\/isp-old.marketing-consulting.ch\/fr\/produkte\/dreh-und-pendelelemente\/#breadcrumb\",\"itemListElement\":[{\"@type\":\"ListItem\",\"position\":1,\"name\":\"Insektenschutz\",\"item\":\"https:\/\/isp-old.marketing-consulting.ch\/\"},{\"@type\":\"ListItem\",\"position\":2,\"name\":\"Nos produits\",\"item\":\"https:\/\/isp-old.marketing-consulting.ch\/fr\/produkte\/\"},{\"@type\":\"ListItem\",\"position\":3,\"name\":\"Portes pivotantes ou \u00e0 battant\"}]},{\"@type\":\"WebSite\",\"@id\":\"https:\/\/isp-old.marketing-consulting.ch\/#website\",\"url\":\"https:\/\/isp-old.marketing-consulting.ch\/\",\"name\":\"ISP Z\u00fcrisee AG\",\"description\":\"Insektenschutzgitter nach Mass\",\"publisher\":{\"@id\":\"https:\/\/isp-old.marketing-consulting.ch\/#organization\"},\"potentialAction\":[{\"@type\":\"SearchAction\",\"target\":{\"@type\":\"EntryPoint\",\"urlTemplate\":\"https:\/\/isp-old.marketing-consulting.ch\/?s={search_term_string}\"},\"query-input\":{\"@type\":\"PropertyValueSpecification\",\"valueRequired\":true,\"valueName\":\"search_term_string\"}}],\"inLanguage\":\"fr-FR\"},{\"@type\":\"Organization\",\"@id\":\"https:\/\/isp-old.marketing-consulting.ch\/#organization\",\"name\":\"ISP-Z\u00fcrisee AG\",\"url\":\"https:\/\/isp-old.marketing-consulting.ch\/\",\"logo\":{\"@type\":\"ImageObject\",\"inLanguage\":\"fr-FR\",\"@id\":\"https:\/\/isp-old.marketing-consulting.ch\/#\/schema\/logo\/image\/\",\"url\":\"http:\/\/isp-old.marketing-consulting.ch\/wp-content\/uploads\/2020\/01\/Tag-der-offenen-Tuer.jpg\",\"contentUrl\":\"http:\/\/isp-old.marketing-consulting.ch\/wp-content\/uploads\/2020\/01\/Tag-der-offenen-Tuer.jpg\",\"width\":276,\"height\":146,\"caption\":\"ISP-Z\u00fcrisee AG\"},\"image\":{\"@id\":\"https:\/\/isp-old.marketing-consulting.ch\/#\/schema\/logo\/image\/\"},\"sameAs\":[\"https:\/\/www.facebook.com\/ISPZueriseeAG\",\"https:\/\/www.instagram.com\/isp_zuerisee_ag\/?hl=de\",\"https:\/\/www.youtube.com\/channel\/UC_WIpMYtTiAjFafShVMaKfA\"]}]}<\/script>\n<!-- \/ Yoast SEO plugin. -->","yoast_head_json":{"title":"Portes pivotantes ou \u00e0 battant - ISP Z\u00fcrisee AG","description":"Construction solide. Id\u00e9al pour les passages et les fen\u00eatres fr\u00e9quemment utilis\u00e9s. Disponible en variante qui s'ouvre d'un ou des deux c\u00f4t\u00e9s.","robots":{"index":"index","follow":"follow","max-snippet":"max-snippet:-1","max-image-preview":"max-image-preview:large","max-video-preview":"max-video-preview:-1"},"canonical":"https:\/\/isp-old.marketing-consulting.ch\/fr\/produkte\/dreh-und-pendelelemente\/","og_locale":"fr_FR","og_type":"article","og_title":"Portes pivotantes ou \u00e0 battant - ISP Z\u00fcrisee AG","og_description":"Construction solide. Id\u00e9al pour les passages et les fen\u00eatres fr\u00e9quemment utilis\u00e9s. Disponible en variante qui s'ouvre d'un ou des deux c\u00f4t\u00e9s.","og_url":"https:\/\/isp-old.marketing-consulting.ch\/fr\/produkte\/dreh-und-pendelelemente\/","og_site_name":"ISP Z\u00fcrisee AG","article_publisher":"https:\/\/www.facebook.com\/ISPZueriseeAG","article_modified_time":"2023-07-24T09:17:35+00:00","twitter_card":"summary_large_image","twitter_misc":{"Dur\u00e9e de lecture estim\u00e9e":"6 minutes"},"schema":{"@context":"https:\/\/schema.org","@graph":[{"@type":"WebPage","@id":"https:\/\/isp-old.marketing-consulting.ch\/fr\/produkte\/dreh-und-pendelelemente\/","url":"https:\/\/isp-old.marketing-consulting.ch\/fr\/produkte\/dreh-und-pendelelemente\/","name":"Portes pivotantes ou \u00e0 battant - ISP Z\u00fcrisee AG","isPartOf":{"@id":"https:\/\/isp-old.marketing-consulting.ch\/#website"},"datePublished":"2021-10-23T12:00:12+00:00","dateModified":"2023-07-24T09:17:35+00:00","description":"Construction solide. Id\u00e9al pour les passages et les fen\u00eatres fr\u00e9quemment utilis\u00e9s. Disponible en variante qui s'ouvre d'un ou des deux c\u00f4t\u00e9s.","breadcrumb":{"@id":"https:\/\/isp-old.marketing-consulting.ch\/fr\/produkte\/dreh-und-pendelelemente\/#breadcrumb"},"inLanguage":"fr-FR","potentialAction":[{"@type":"ReadAction","target":["https:\/\/isp-old.marketing-consulting.ch\/fr\/produkte\/dreh-und-pendelelemente\/"]}]},{"@type":"BreadcrumbList","@id":"https:\/\/isp-old.marketing-consulting.ch\/fr\/produkte\/dreh-und-pendelelemente\/#breadcrumb","itemListElement":[{"@type":"ListItem","position":1,"name":"Insektenschutz","item":"https:\/\/isp-old.marketing-consulting.ch\/"},{"@type":"ListItem","position":2,"name":"Nos produits","item":"https:\/\/isp-old.marketing-consulting.ch\/fr\/produkte\/"},{"@type":"ListItem","position":3,"name":"Portes pivotantes ou \u00e0 battant"}]},{"@type":"WebSite","@id":"https:\/\/isp-old.marketing-consulting.ch\/#website","url":"https:\/\/isp-old.marketing-consulting.ch\/","name":"ISP Z\u00fcrisee AG","description":"Insektenschutzgitter nach Mass","publisher":{"@id":"https:\/\/isp-old.marketing-consulting.ch\/#organization"},"potentialAction":[{"@type":"SearchAction","target":{"@type":"EntryPoint","urlTemplate":"https:\/\/isp-old.marketing-consulting.ch\/?s={search_term_string}"},"query-input":{"@type":"PropertyValueSpecification","valueRequired":true,"valueName":"search_term_string"}}],"inLanguage":"fr-FR"},{"@type":"Organization","@id":"https:\/\/isp-old.marketing-consulting.ch\/#organization","name":"ISP-Z\u00fcrisee AG","url":"https:\/\/isp-old.marketing-consulting.ch\/","logo":{"@type":"ImageObject","inLanguage":"fr-FR","@id":"https:\/\/isp-old.marketing-consulting.ch\/#\/schema\/logo\/image\/","url":"http:\/\/isp-old.marketing-consulting.ch\/wp-content\/uploads\/2020\/01\/Tag-der-offenen-Tuer.jpg","contentUrl":"http:\/\/isp-old.marketing-consulting.ch\/wp-content\/uploads\/2020\/01\/Tag-der-offenen-Tuer.jpg","width":276,"height":146,"caption":"ISP-Z\u00fcrisee AG"},"image":{"@id":"https:\/\/isp-old.marketing-consulting.ch\/#\/schema\/logo\/image\/"},"sameAs":["https:\/\/www.facebook.com\/ISPZueriseeAG","https:\/\/www.instagram.com\/isp_zuerisee_ag\/?hl=de","https:\/\/www.youtube.com\/channel\/UC_WIpMYtTiAjFafShVMaKfA"]}]}},"_links":{"self":[{"href":"https:\/\/isp-old.marketing-consulting.ch\/fr\/wp-json\/wp\/v2\/pages\/6629"}],"collection":[{"href":"https:\/\/isp-old.marketing-consulting.ch\/fr\/wp-json\/wp\/v2\/pages"}],"about":[{"href":"https:\/\/isp-old.marketing-consulting.ch\/fr\/wp-json\/wp\/v2\/types\/page"}],"author":[{"embeddable":true,"href":"https:\/\/isp-old.marketing-consulting.ch\/fr\/wp-json\/wp\/v2\/users\/1"}],"replies":[{"embeddable":true,"href":"https:\/\/isp-old.marketing-consulting.ch\/fr\/wp-json\/wp\/v2\/comments?post=6629"}],"version-history":[{"count":3,"href":"https:\/\/isp-old.marketing-consulting.ch\/fr\/wp-json\/wp\/v2\/pages\/6629\/revisions"}],"predecessor-version":[{"id":11230,"href":"https:\/\/isp-old.marketing-consulting.ch\/fr\/wp-json\/wp\/v2\/pages\/6629\/revisions\/11230"}],"up":[{"embeddable":true,"href":"https:\/\/isp-old.marketing-consulting.ch\/fr\/wp-json\/wp\/v2\/pages\/6624"}],"wp:attachment":[{"href":"https:\/\/isp-old.marketing-consulting.ch\/fr\/wp-json\/wp\/v2\/media?parent=6629"}],"curies":[{"name":"wp","href":"https:\/\/api.w.org\/{rel}","templated":true}]}}