{"id":6658,"date":"2021-10-23T14:29:03","date_gmt":"2021-10-23T12:29:03","guid":{"rendered":"https:\/\/lang.isp-zuerisee.ch\/produkte-formen-farben\/"},"modified":"2023-04-19T15:01:59","modified_gmt":"2023-04-19T13:01:59","slug":"produkte-formen-farben","status":"publish","type":"page","link":"https:\/\/isp-old.marketing-consulting.ch\/fr\/service\/produkte-formen-farben\/","title":{"rendered":"Produits formes et couleurs"},"content":{"rendered":"<p>[et_pb_section fb_built=\u00a0\u00bb1&Prime; _builder_version=\u00a0\u00bb4.16&Prime; global_colors_info=\u00a0\u00bb{}\u00a0\u00bb][et_pb_row _builder_version=\u00a0\u00bb4.16&Prime; background_size=\u00a0\u00bbinitial\u00a0\u00bb background_position=\u00a0\u00bbtop_left\u00a0\u00bb background_repeat=\u00a0\u00bbrepeat\u00a0\u00bb global_colors_info=\u00a0\u00bb{}\u00a0\u00bb][et_pb_column type=\u00a0\u00bb4_4&Prime; _builder_version=\u00a0\u00bb4.16&Prime; custom_padding=\u00a0\u00bb|||\u00a0\u00bb global_colors_info=\u00a0\u00bb{}\u00a0\u00bb custom_padding__hover=\u00a0\u00bb|||\u00a0\u00bb][et_pb_text _builder_version=\u00a0\u00bb4.16&Prime; global_colors_info=\u00a0\u00bb{}\u00a0\u00bb]<\/p>\n<h1>Couleurs et formes sp\u00e9ciales<\/h1>\n<p>[\/et_pb_text][\/et_pb_column][\/et_pb_row][et_pb_row column_structure=\u00a0\u00bb1_2,1_2&Prime; _builder_version=\u00a0\u00bb4.16&Prime; background_size=\u00a0\u00bbinitial\u00a0\u00bb background_position=\u00a0\u00bbtop_left\u00a0\u00bb background_repeat=\u00a0\u00bbrepeat\u00a0\u00bb global_colors_info=\u00a0\u00bb{}\u00a0\u00bb][et_pb_column type=\u00a0\u00bb1_2&Prime; _builder_version=\u00a0\u00bb4.16&Prime; custom_padding=\u00a0\u00bb|||\u00a0\u00bb global_colors_info=\u00a0\u00bb{}\u00a0\u00bb custom_padding__hover=\u00a0\u00bb|||\u00a0\u00bb][et_pb_text _builder_version=\u00a0\u00bb4.16&Prime; global_colors_info=\u00a0\u00bb{}\u00a0\u00bb]<\/p>\n<p> <strong> Couleurs sp\u00e9ciales <\/strong> <\/p>\n<p> Toutes les couleurs RAL, NCS et IGP sont disponibles moyennant des frais suppl\u00e9mentaires. Les d\u00e9lais de livraison sont allong\u00e9s d&rsquo;environ 8 \u00e0 10 jours ouvr\u00e9s par rapport aux couleurs standards. <\/p>\n<p>[\/et_pb_text][\/et_pb_column][et_pb_column type=\u00a0\u00bb1_2&Prime; _builder_version=\u00a0\u00bb4.16&Prime; custom_padding=\u00a0\u00bb|||\u00a0\u00bb global_colors_info=\u00a0\u00bb{}\u00a0\u00bb custom_padding__hover=\u00a0\u00bb|||\u00a0\u00bb][et_pb_image src=\u00a0\u00bbhttp:\/\/isp-old.marketing-consulting.ch\/wp-content\/uploads\/2019\/08\/Farbfaecher.jpg\u00a0\u00bb align_tablet=\u00a0\u00bbcenter\u00a0\u00bb align_phone=\u00a0\u00bb\u00a0\u00bb align_last_edited=\u00a0\u00bbon|desktop\u00a0\u00bb _builder_version=\u00a0\u00bb4.16&Prime; global_colors_info=\u00a0\u00bb{}\u00a0\u00bb][\/et_pb_image][\/et_pb_column][\/et_pb_row][et_pb_row column_structure=\u00a0\u00bb1_2,1_2&Prime; _builder_version=\u00a0\u00bb4.16&Prime; background_size=\u00a0\u00bbinitial\u00a0\u00bb background_position=\u00a0\u00bbtop_left\u00a0\u00bb background_repeat=\u00a0\u00bbrepeat\u00a0\u00bb global_colors_info=\u00a0\u00bb{}\u00a0\u00bb][et_pb_column type=\u00a0\u00bb1_2&Prime; _builder_version=\u00a0\u00bb4.16&Prime; custom_padding=\u00a0\u00bb|||\u00a0\u00bb global_colors_info=\u00a0\u00bb{}\u00a0\u00bb custom_padding__hover=\u00a0\u00bb|||\u00a0\u00bb][et_pb_text _builder_version=\u00a0\u00bb4.16&Prime; global_colors_info=\u00a0\u00bb{}\u00a0\u00bb]<strong> Formes sp\u00e9ciales <\/strong><\/p>\n<p>Des formes sp\u00e9ciales angulaires sont possibles dans diverses variantes. Les d\u00e9lais de livraison sont allong\u00e9s de 5 \u00e0 10 jours par rapport aux versions standards.<br \/>\n[\/et_pb_text][\/et_pb_column][et_pb_column type=\u00a0\u00bb1_2&Prime; _builder_version=\u00a0\u00bb4.16&Prime; custom_padding=\u00a0\u00bb|||\u00a0\u00bb global_colors_info=\u00a0\u00bb{}\u00a0\u00bb custom_padding__hover=\u00a0\u00bb|||\u00a0\u00bb][et_pb_gallery gallery_ids=\u00a0\u00bb3720,3717&Prime; show_title_and_caption_last_edited=\u00a0\u00bboff|desktop\u00a0\u00bb _builder_version=\u00a0\u00bb4.16&Prime; locked=\u00a0\u00bboff\u00a0\u00bb global_colors_info=\u00a0\u00bb{}\u00a0\u00bb][\/et_pb_gallery][\/et_pb_column][\/et_pb_row][\/et_pb_section]<\/p>\n","protected":false},"excerpt":{"rendered":"<p>Couleurs et formes sp\u00e9ciales Couleurs sp\u00e9ciales Toutes les couleurs RAL, NCS et IGP sont disponibles moyennant des frais suppl\u00e9mentaires. Les d\u00e9lais de livraison sont allong\u00e9s d&rsquo;environ 8 \u00e0 10 jours ouvr\u00e9s par rapport aux couleurs standards. Formes sp\u00e9ciales Des formes sp\u00e9ciales angulaires sont possibles dans diverses variantes. Les d\u00e9lais de livraison sont allong\u00e9s de 5 [&hellip;]<\/p>\n","protected":false},"author":1,"featured_media":0,"parent":6663,"menu_order":0,"comment_status":"closed","ping_status":"closed","template":"","meta":{"_acf_changed":false,"_et_pb_use_builder":"on","_et_pb_old_content":"","_et_gb_content_width":"","footnotes":""},"class_list":["post-6658","page","type-page","status-publish","hentry"],"acf":[],"yoast_head":"<!-- This site is optimized with the Yoast SEO plugin v24.6 - https:\/\/yoast.com\/wordpress\/plugins\/seo\/ -->\n<title>Produits formes et couleurs - ISP Z\u00fcrisee AG<\/title>\n<meta name=\"description\" content=\"Nous vous proposons un large choix de couleurs sp\u00e9ciales et de formes sp\u00e9ciales.\" \/>\n<meta name=\"robots\" content=\"noindex, follow\" \/>\n<meta property=\"og:locale\" content=\"fr_FR\" \/>\n<meta property=\"og:type\" content=\"article\" \/>\n<meta property=\"og:title\" content=\"Produits formes et couleurs - ISP Z\u00fcrisee AG\" \/>\n<meta property=\"og:description\" content=\"Nous vous proposons un large choix de couleurs sp\u00e9ciales et de formes sp\u00e9ciales.\" \/>\n<meta property=\"og:url\" content=\"https:\/\/isp-old.marketing-consulting.ch\/fr\/service\/produkte-formen-farben\/\" \/>\n<meta property=\"og:site_name\" content=\"ISP Z\u00fcrisee AG\" \/>\n<meta property=\"article:publisher\" content=\"https:\/\/www.facebook.com\/ISPZueriseeAG\" \/>\n<meta property=\"article:modified_time\" content=\"2023-04-19T13:01:59+00:00\" \/>\n<meta name=\"twitter:card\" content=\"summary_large_image\" \/>\n<meta name=\"twitter:label1\" content=\"Dur\u00e9e de lecture estim\u00e9e\" \/>\n\t<meta name=\"twitter:data1\" content=\"2 minutes\" \/>\n<script type=\"application\/ld+json\" class=\"yoast-schema-graph\">{\"@context\":\"https:\/\/schema.org\",\"@graph\":[{\"@type\":\"WebPage\",\"@id\":\"https:\/\/isp-old.marketing-consulting.ch\/fr\/service\/produkte-formen-farben\/\",\"url\":\"https:\/\/isp-old.marketing-consulting.ch\/fr\/service\/produkte-formen-farben\/\",\"name\":\"Produits formes et couleurs - ISP Z\u00fcrisee AG\",\"isPartOf\":{\"@id\":\"https:\/\/isp-old.marketing-consulting.ch\/#website\"},\"datePublished\":\"2021-10-23T12:29:03+00:00\",\"dateModified\":\"2023-04-19T13:01:59+00:00\",\"description\":\"Nous vous proposons un large choix de couleurs sp\u00e9ciales et de formes sp\u00e9ciales.\",\"breadcrumb\":{\"@id\":\"https:\/\/isp-old.marketing-consulting.ch\/fr\/service\/produkte-formen-farben\/#breadcrumb\"},\"inLanguage\":\"fr-FR\",\"potentialAction\":[{\"@type\":\"ReadAction\",\"target\":[\"https:\/\/isp-old.marketing-consulting.ch\/fr\/service\/produkte-formen-farben\/\"]}]},{\"@type\":\"BreadcrumbList\",\"@id\":\"https:\/\/isp-old.marketing-consulting.ch\/fr\/service\/produkte-formen-farben\/#breadcrumb\",\"itemListElement\":[{\"@type\":\"ListItem\",\"position\":1,\"name\":\"Insektenschutz\",\"item\":\"https:\/\/isp-old.marketing-consulting.ch\/\"},{\"@type\":\"ListItem\",\"position\":2,\"name\":\"Service\",\"item\":\"https:\/\/isp-old.marketing-consulting.ch\/fr\/service\/\"},{\"@type\":\"ListItem\",\"position\":3,\"name\":\"Produits formes et couleurs\"}]},{\"@type\":\"WebSite\",\"@id\":\"https:\/\/isp-old.marketing-consulting.ch\/#website\",\"url\":\"https:\/\/isp-old.marketing-consulting.ch\/\",\"name\":\"ISP Z\u00fcrisee AG\",\"description\":\"Insektenschutzgitter nach Mass\",\"publisher\":{\"@id\":\"https:\/\/isp-old.marketing-consulting.ch\/#organization\"},\"potentialAction\":[{\"@type\":\"SearchAction\",\"target\":{\"@type\":\"EntryPoint\",\"urlTemplate\":\"https:\/\/isp-old.marketing-consulting.ch\/?s={search_term_string}\"},\"query-input\":{\"@type\":\"PropertyValueSpecification\",\"valueRequired\":true,\"valueName\":\"search_term_string\"}}],\"inLanguage\":\"fr-FR\"},{\"@type\":\"Organization\",\"@id\":\"https:\/\/isp-old.marketing-consulting.ch\/#organization\",\"name\":\"ISP-Z\u00fcrisee AG\",\"url\":\"https:\/\/isp-old.marketing-consulting.ch\/\",\"logo\":{\"@type\":\"ImageObject\",\"inLanguage\":\"fr-FR\",\"@id\":\"https:\/\/isp-old.marketing-consulting.ch\/#\/schema\/logo\/image\/\",\"url\":\"http:\/\/isp-old.marketing-consulting.ch\/wp-content\/uploads\/2020\/01\/Tag-der-offenen-Tuer.jpg\",\"contentUrl\":\"http:\/\/isp-old.marketing-consulting.ch\/wp-content\/uploads\/2020\/01\/Tag-der-offenen-Tuer.jpg\",\"width\":276,\"height\":146,\"caption\":\"ISP-Z\u00fcrisee AG\"},\"image\":{\"@id\":\"https:\/\/isp-old.marketing-consulting.ch\/#\/schema\/logo\/image\/\"},\"sameAs\":[\"https:\/\/www.facebook.com\/ISPZueriseeAG\",\"https:\/\/www.instagram.com\/isp_zuerisee_ag\/?hl=de\",\"https:\/\/www.youtube.com\/channel\/UC_WIpMYtTiAjFafShVMaKfA\"]}]}<\/script>\n<!-- \/ Yoast SEO plugin. -->","yoast_head_json":{"title":"Produits formes et couleurs - ISP Z\u00fcrisee AG","description":"Nous vous proposons un large choix de couleurs sp\u00e9ciales et de formes sp\u00e9ciales.","robots":{"index":"noindex","follow":"follow"},"og_locale":"fr_FR","og_type":"article","og_title":"Produits formes et couleurs - ISP Z\u00fcrisee AG","og_description":"Nous vous proposons un large choix de couleurs sp\u00e9ciales et de formes sp\u00e9ciales.","og_url":"https:\/\/isp-old.marketing-consulting.ch\/fr\/service\/produkte-formen-farben\/","og_site_name":"ISP Z\u00fcrisee AG","article_publisher":"https:\/\/www.facebook.com\/ISPZueriseeAG","article_modified_time":"2023-04-19T13:01:59+00:00","twitter_card":"summary_large_image","twitter_misc":{"Dur\u00e9e de lecture estim\u00e9e":"2 minutes"},"schema":{"@context":"https:\/\/schema.org","@graph":[{"@type":"WebPage","@id":"https:\/\/isp-old.marketing-consulting.ch\/fr\/service\/produkte-formen-farben\/","url":"https:\/\/isp-old.marketing-consulting.ch\/fr\/service\/produkte-formen-farben\/","name":"Produits formes et couleurs - ISP Z\u00fcrisee AG","isPartOf":{"@id":"https:\/\/isp-old.marketing-consulting.ch\/#website"},"datePublished":"2021-10-23T12:29:03+00:00","dateModified":"2023-04-19T13:01:59+00:00","description":"Nous vous proposons un large choix de couleurs sp\u00e9ciales et de formes sp\u00e9ciales.","breadcrumb":{"@id":"https:\/\/isp-old.marketing-consulting.ch\/fr\/service\/produkte-formen-farben\/#breadcrumb"},"inLanguage":"fr-FR","potentialAction":[{"@type":"ReadAction","target":["https:\/\/isp-old.marketing-consulting.ch\/fr\/service\/produkte-formen-farben\/"]}]},{"@type":"BreadcrumbList","@id":"https:\/\/isp-old.marketing-consulting.ch\/fr\/service\/produkte-formen-farben\/#breadcrumb","itemListElement":[{"@type":"ListItem","position":1,"name":"Insektenschutz","item":"https:\/\/isp-old.marketing-consulting.ch\/"},{"@type":"ListItem","position":2,"name":"Service","item":"https:\/\/isp-old.marketing-consulting.ch\/fr\/service\/"},{"@type":"ListItem","position":3,"name":"Produits formes et couleurs"}]},{"@type":"WebSite","@id":"https:\/\/isp-old.marketing-consulting.ch\/#website","url":"https:\/\/isp-old.marketing-consulting.ch\/","name":"ISP Z\u00fcrisee AG","description":"Insektenschutzgitter nach Mass","publisher":{"@id":"https:\/\/isp-old.marketing-consulting.ch\/#organization"},"potentialAction":[{"@type":"SearchAction","target":{"@type":"EntryPoint","urlTemplate":"https:\/\/isp-old.marketing-consulting.ch\/?s={search_term_string}"},"query-input":{"@type":"PropertyValueSpecification","valueRequired":true,"valueName":"search_term_string"}}],"inLanguage":"fr-FR"},{"@type":"Organization","@id":"https:\/\/isp-old.marketing-consulting.ch\/#organization","name":"ISP-Z\u00fcrisee AG","url":"https:\/\/isp-old.marketing-consulting.ch\/","logo":{"@type":"ImageObject","inLanguage":"fr-FR","@id":"https:\/\/isp-old.marketing-consulting.ch\/#\/schema\/logo\/image\/","url":"http:\/\/isp-old.marketing-consulting.ch\/wp-content\/uploads\/2020\/01\/Tag-der-offenen-Tuer.jpg","contentUrl":"http:\/\/isp-old.marketing-consulting.ch\/wp-content\/uploads\/2020\/01\/Tag-der-offenen-Tuer.jpg","width":276,"height":146,"caption":"ISP-Z\u00fcrisee AG"},"image":{"@id":"https:\/\/isp-old.marketing-consulting.ch\/#\/schema\/logo\/image\/"},"sameAs":["https:\/\/www.facebook.com\/ISPZueriseeAG","https:\/\/www.instagram.com\/isp_zuerisee_ag\/?hl=de","https:\/\/www.youtube.com\/channel\/UC_WIpMYtTiAjFafShVMaKfA"]}]}},"_links":{"self":[{"href":"https:\/\/isp-old.marketing-consulting.ch\/fr\/wp-json\/wp\/v2\/pages\/6658"}],"collection":[{"href":"https:\/\/isp-old.marketing-consulting.ch\/fr\/wp-json\/wp\/v2\/pages"}],"about":[{"href":"https:\/\/isp-old.marketing-consulting.ch\/fr\/wp-json\/wp\/v2\/types\/page"}],"author":[{"embeddable":true,"href":"https:\/\/isp-old.marketing-consulting.ch\/fr\/wp-json\/wp\/v2\/users\/1"}],"replies":[{"embeddable":true,"href":"https:\/\/isp-old.marketing-consulting.ch\/fr\/wp-json\/wp\/v2\/comments?post=6658"}],"version-history":[{"count":1,"href":"https:\/\/isp-old.marketing-consulting.ch\/fr\/wp-json\/wp\/v2\/pages\/6658\/revisions"}],"predecessor-version":[{"id":10922,"href":"https:\/\/isp-old.marketing-consulting.ch\/fr\/wp-json\/wp\/v2\/pages\/6658\/revisions\/10922"}],"up":[{"embeddable":true,"href":"https:\/\/isp-old.marketing-consulting.ch\/fr\/wp-json\/wp\/v2\/pages\/6663"}],"wp:attachment":[{"href":"https:\/\/isp-old.marketing-consulting.ch\/fr\/wp-json\/wp\/v2\/media?parent=6658"}],"curies":[{"name":"wp","href":"https:\/\/api.w.org\/{rel}","templated":true}]}}