{"id":6740,"date":"2021-10-23T15:36:33","date_gmt":"2021-10-23T13:36:33","guid":{"rendered":"https:\/\/lang.isp-zuerisee.ch\/produkte\/spannrahmen\/"},"modified":"2023-07-24T11:15:49","modified_gmt":"2023-07-24T09:15:49","slug":"spannrahmen","status":"publish","type":"page","link":"https:\/\/isp-old.marketing-consulting.ch\/fr\/produkte\/spannrahmen\/","title":{"rendered":"Moustiquaires \u00e0 cadre fixe"},"content":{"rendered":"<p>[et_pb_section fb_built=\u00a0\u00bb1&Prime; _builder_version=\u00a0\u00bb4.16&Prime; global_colors_info=\u00a0\u00bb{}\u00a0\u00bb][et_pb_row _builder_version=\u00a0\u00bb4.16&Prime; background_size=\u00a0\u00bbinitial\u00a0\u00bb background_position=\u00a0\u00bbtop_left\u00a0\u00bb background_repeat=\u00a0\u00bbrepeat\u00a0\u00bb global_colors_info=\u00a0\u00bb{}\u00a0\u00bb][et_pb_column type=\u00a0\u00bb4_4&Prime; _builder_version=\u00a0\u00bb4.16&Prime; custom_padding=\u00a0\u00bb|||\u00a0\u00bb global_colors_info=\u00a0\u00bb{}\u00a0\u00bb custom_padding__hover=\u00a0\u00bb|||\u00a0\u00bb][et_pb_text _builder_version=\u00a0\u00bb4.16&Prime; global_colors_info=\u00a0\u00bb{}\u00a0\u00bb]<\/p>\n<h1>Moustiquaires \u00e0 cadre fixe<\/h1>\n<p>[\/et_pb_text][\/et_pb_column][\/et_pb_row][et_pb_row column_structure=\u00a0\u00bb1_2,1_2&Prime; _builder_version=\u00a0\u00bb4.16&Prime; background_size=\u00a0\u00bbinitial\u00a0\u00bb background_position=\u00a0\u00bbtop_left\u00a0\u00bb background_repeat=\u00a0\u00bbrepeat\u00a0\u00bb global_colors_info=\u00a0\u00bb{}\u00a0\u00bb][et_pb_column type=\u00a0\u00bb1_2&Prime; _builder_version=\u00a0\u00bb4.16&Prime; custom_padding=\u00a0\u00bb|||\u00a0\u00bb global_colors_info=\u00a0\u00bb{}\u00a0\u00bb custom_padding__hover=\u00a0\u00bb|||\u00a0\u00bb][et_pb_text _builder_version=\u00a0\u00bb4.16&Prime; global_colors_info=\u00a0\u00bb{}\u00a0\u00bb]<\/p>\n<p>Moustiquaires \u00e0 cadre fixeest id\u00e9al pour les fen\u00eatres qui ne sont ouvertes ou inclin\u00e9es que pour la ventilation. Il est disponible dans de nombreuses versions diff\u00e9rentes, \u00e9galement comme solution sp\u00e9ciale pour les fen\u00eatres de toit. Gr\u00e2ce au dispositif de suspension pratique, le cadre de serrage peut \u00eatre retir\u00e9 \u00e0 tout moment en un seul mouvement, aucun travail de montage n&rsquo;est donc n\u00e9cessaire. <\/p>\n<p> <strong> Profil\u00e9s de cadre : <\/strong> <br \/> &#8211; En aluminium thermolaqu\u00e9 ou anodis\u00e9 <br \/> &#8211; Couleurs standards : aluminium anodis\u00e9 blanc et clair <br \/> &#8211; Tous RAL, NCS ou IGP les couleurs sont disponibles moyennant un suppl\u00e9ment <br \/> &#8211; Grande stabilit\u00e9 gr\u00e2ce aux coins press\u00e9s <\/p>\n<p> <strong> Filets de qualit\u00e9 : <\/strong> <br \/> &#8211; Tissu en fibre de verre r\u00e9sistant aux UV <br \/> &#8211; Plastique gain\u00e9 et soud\u00e9 \u00e9troitement \u00e0 la maille <br \/> &#8211; Existe en noir ou gris <br \/> &#8211; \u00c9galement disponible avec \u00e9cran PET*, protection contre le pollen, maille en acier inoxydable, ou avec &#038; nbsp; &#038; nbsp; &#038; nbsp; meilleure vue <br \/> &#8211; Les filets peuvent \u00eatre \u00e9chang\u00e9s \u00e0 tout moment <\/p>\n<p>* Pet-Screen = incassable, \u201e\u00e0 l&rsquo;\u00e9preuve des griffes\u201c<\/p>\n<p>[\/et_pb_text][\/et_pb_column][et_pb_column type=\u00a0\u00bb1_2&Prime; _builder_version=\u00a0\u00bb4.16&Prime; custom_padding=\u00a0\u00bb|||\u00a0\u00bb global_colors_info=\u00a0\u00bb{}\u00a0\u00bb custom_padding__hover=\u00a0\u00bb|||\u00a0\u00bb][image_hotspot_parent image=\u00a0\u00bbhttp:\/\/isp-old.marketing-consulting.ch\/wp-content\/uploads\/2019\/05\/Unbenannt-10.png\u00a0\u00bb _builder_version=\u00a0\u00bb4.14.7&Prime; global_colors_info=\u00a0\u00bb{}\u00a0\u00bb][image_hotspot_child pointer_vertical_position=\u00a0\u00bb7.8%\u00a0\u00bb pointer_horizontal_position=\u00a0\u00bb71.6%\u00a0\u00bb tooltip_position=\u00a0\u00bbleft\u00a0\u00bb tooltip_position_mobile=\u00a0\u00bbmobile-top\u00a0\u00bb image=\u00a0\u00bbhttp:\/\/isp-old.marketing-consulting.ch\/wp-content\/uploads\/2019\/06\/Magnetisch-gefedert.jpg\u00a0\u00bb title=\u00a0\u00bb\u00c0 ressort magn\u00e9tique\u00a0\u00bb desc=\u00a0\u00bbSupport de suspension \u00e0 ressort en haut.\u00a0\u00bb icon_font_size=\u00a0\u00bb30px\u00a0\u00bb tooltip_bg=\u00a0\u00bb#ffffff\u00a0\u00bb tooltip_width=\u00a0\u00bb310px\u00a0\u00bb _builder_version=\u00a0\u00bb4.16&Prime; title_font=\u00a0\u00bb||||||||\u00a0\u00bb title_text_color=\u00a0\u00bb#000000&Prime; content_font=\u00a0\u00bb||||||||\u00a0\u00bb content_text_color=\u00a0\u00bb#000000&Prime; box_shadow_style=\u00a0\u00bbpreset1&Prime; global_colors_info=\u00a0\u00bb{}\u00a0\u00bb][\/image_hotspot_child][image_hotspot_child pointer_vertical_position=\u00a0\u00bb32.8%\u00a0\u00bb pointer_horizontal_position=\u00a0\u00bb46.4%\u00a0\u00bb image=\u00a0\u00bbhttp:\/\/isp-old.marketing-consulting.ch\/wp-content\/uploads\/2022\/01\/Netz-Arten.jpg\u00a0\u00bb title=\u00a0\u00bbDiff\u00e9rents r\u00e9seaux\u00a0\u00bb desc=\u00a0\u00bbEn plus du tissu en fibre de verre standard en noir et gris, la rame est \u00e9galement disponible avec une moustiquaire, une protection contre le pollen ou un filet en acier inoxydable.\u00a0\u00bb icon_font_size=\u00a0\u00bb30px\u00a0\u00bb tooltip_bg=\u00a0\u00bb#ffffff\u00a0\u00bb tooltip_width=\u00a0\u00bb310px\u00a0\u00bb _builder_version=\u00a0\u00bb4.16&Prime; title_font=\u00a0\u00bb||||||||\u00a0\u00bb title_text_color=\u00a0\u00bb#000000&Prime; content_font=\u00a0\u00bb||||||||\u00a0\u00bb content_text_color=\u00a0\u00bb#000000&Prime; box_shadow_style=\u00a0\u00bbpreset1&Prime; global_colors_info=\u00a0\u00bb{}\u00a0\u00bb][\/image_hotspot_child][image_hotspot_child pointer_vertical_position=\u00a0\u00bb46.2%\u00a0\u00bb pointer_horizontal_position=\u00a0\u00bb17.6%\u00a0\u00bb tooltip_position=\u00a0\u00bbleft\u00a0\u00bb tooltip_position_mobile=\u00a0\u00bbmobile-right\u00a0\u00bb image=\u00a0\u00bbhttp:\/\/isp-old.marketing-consulting.ch\/wp-content\/uploads\/2019\/06\/B\u00fcrstensystem.jpg\u00a0\u00bb title=\u00a0\u00bbSyst\u00e8mes de brosses\u00a0\u00bb desc=\u00a0\u00bbDes brosses de diff\u00e9rentes tailles sont disponibles pour couvrir tous les espaces.\u00a0\u00bb icon_font_size=\u00a0\u00bb30px\u00a0\u00bb tooltip_bg=\u00a0\u00bb#ffffff\u00a0\u00bb tooltip_width=\u00a0\u00bb310px\u00a0\u00bb _builder_version=\u00a0\u00bb4.16&Prime; title_font=\u00a0\u00bb||||||||\u00a0\u00bb title_text_color=\u00a0\u00bb#000000&Prime; content_font=\u00a0\u00bb||||||||\u00a0\u00bb content_text_color=\u00a0\u00bb#000000&Prime; box_shadow_style=\u00a0\u00bbpreset1&Prime; global_colors_info=\u00a0\u00bb{}\u00a0\u00bb][\/image_hotspot_child][image_hotspot_child pointer_vertical_position=\u00a0\u00bb78.3%\u00a0\u00bb pointer_horizontal_position=\u00a0\u00bb71.6%\u00a0\u00bb tooltip_position=\u00a0\u00bbleft\u00a0\u00bb tooltip_position_tablet=\u00a0\u00bbtablet-top\u00a0\u00bb tooltip_position_mobile=\u00a0\u00bbmobile-top\u00a0\u00bb image=\u00a0\u00bbhttp:\/\/isp-old.marketing-consulting.ch\/wp-content\/uploads\/2019\/06\/Befestigungsm\u00f6glichkeiten-1.png\u00a0\u00bb title=\u00a0\u00bbOptions de montage\u00a0\u00bb desc=\u00a0\u00bbLe cadre de tension est disponible avec diff\u00e9rentes options de fixation, nous pouvons donc trouver la bonne solution pour presque chaque type de fen\u00eatre.\u00a0\u00bb icon_font_size=\u00a0\u00bb30px\u00a0\u00bb tooltip_bg=\u00a0\u00bb#ffffff\u00a0\u00bb tooltip_width=\u00a0\u00bb330px\u00a0\u00bb _builder_version=\u00a0\u00bb4.16&Prime; title_font=\u00a0\u00bb||||||||\u00a0\u00bb title_text_color=\u00a0\u00bb#000000&Prime; content_font=\u00a0\u00bb||||||||\u00a0\u00bb content_text_color=\u00a0\u00bb#000000&Prime; box_shadow_style=\u00a0\u00bbpreset1&Prime; global_colors_info=\u00a0\u00bb{}\u00a0\u00bb][\/image_hotspot_child][\/image_hotspot_parent][\/et_pb_column][\/et_pb_row][et_pb_row _builder_version=\u00a0\u00bb4.16&Prime; global_colors_info=\u00a0\u00bb{}\u00a0\u00bb][et_pb_column type=\u00a0\u00bb4_4&Prime; _builder_version=\u00a0\u00bb4.16&Prime; custom_padding=\u00a0\u00bb|||\u00a0\u00bb global_colors_info=\u00a0\u00bb{}\u00a0\u00bb custom_padding__hover=\u00a0\u00bb|||\u00a0\u00bb][et_pb_text _builder_version=\u00a0\u00bb4.16&Prime; global_colors_info=\u00a0\u00bb{}\u00a0\u00bb]<\/p>\n<h2>Galerie de photos et de vid\u00e9os<\/h2>\n<p>[\/et_pb_text][et_pb_gallery gallery_ids=\u00a0\u00bb3392,3389,3386,3383&Prime; show_title_and_caption=\u00a0\u00bboff\u00a0\u00bb show_pagination=\u00a0\u00bboff\u00a0\u00bb _builder_version=\u00a0\u00bb4.16&Prime; global_colors_info=\u00a0\u00bb{}\u00a0\u00bb][\/et_pb_gallery][\/et_pb_column][\/et_pb_row][et_pb_row column_structure=\u00a0\u00bb1_2,1_2&Prime; _builder_version=\u00a0\u00bb4.16&Prime; global_colors_info=\u00a0\u00bb{}\u00a0\u00bb][et_pb_column type=\u00a0\u00bb1_2&Prime; _builder_version=\u00a0\u00bb4.16&Prime; custom_padding=\u00a0\u00bb|||\u00a0\u00bb global_colors_info=\u00a0\u00bb{}\u00a0\u00bb custom_padding__hover=\u00a0\u00bb|||\u00a0\u00bb][et_pb_video src=\u00a0\u00bbhttps:\/\/www.youtube.com\/watch?v=jqOvIdQlEMs\u00a0\u00bb _builder_version=\u00a0\u00bb4.21.0&Prime; hover_enabled=\u00a0\u00bb0&Prime; global_colors_info=\u00a0\u00bb{}\u00a0\u00bb sticky_enabled=\u00a0\u00bb0&Prime;][\/et_pb_video][et_pb_text _builder_version=\u00a0\u00bb4.21.0&Prime; hover_enabled=\u00a0\u00bb0&Prime; global_colors_info=\u00a0\u00bb{}\u00a0\u00bb sticky_enabled=\u00a0\u00bb0&Prime;]<\/p>\n<h3 style=\"text-align: center;\">Moustiquaires \u00e0 cadre fixe<\/h3>\n<p>[\/et_pb_text][\/et_pb_column][et_pb_column type=\u00a0\u00bb1_2&Prime; _builder_version=\u00a0\u00bb4.16&Prime; custom_padding=\u00a0\u00bb|||\u00a0\u00bb global_colors_info=\u00a0\u00bb{}\u00a0\u00bb custom_padding__hover=\u00a0\u00bb|||\u00a0\u00bb][et_pb_video src=\u00a0\u00bbhttps:\/\/www.youtube.com\/watch?v=8_5HazKh4Jw&#038;feature=youtu.be\u00a0\u00bb _builder_version=\u00a0\u00bb4.16&Prime; hover_enabled=\u00a0\u00bb0&Prime; global_colors_info=\u00a0\u00bb{}\u00a0\u00bb sticky_enabled=\u00a0\u00bb0&Prime;][\/et_pb_video][et_pb_text _builder_version=\u00a0\u00bb4.21.0&Prime; hover_enabled=\u00a0\u00bb0&Prime; global_colors_info=\u00a0\u00bb{}\u00a0\u00bb sticky_enabled=\u00a0\u00bb0&Prime;]<\/p>\n<h3 style=\"text-align: center;\">Moustiquaires \u00e0 cadre fixe<\/h3>\n<p>[\/et_pb_text][\/et_pb_column][\/et_pb_row][\/et_pb_section]<\/p>\n","protected":false},"excerpt":{"rendered":"<p>Moustiquaires \u00e0 cadre fixe Moustiquaires \u00e0 cadre fixeest id\u00e9al pour les fen\u00eatres qui ne sont ouvertes ou inclin\u00e9es que pour la ventilation. Il est disponible dans de nombreuses versions diff\u00e9rentes, \u00e9galement comme solution sp\u00e9ciale pour les fen\u00eatres de toit. Gr\u00e2ce au dispositif de suspension pratique, le cadre de serrage peut \u00eatre retir\u00e9 \u00e0 tout moment [&hellip;]<\/p>\n","protected":false},"author":1,"featured_media":0,"parent":6624,"menu_order":0,"comment_status":"closed","ping_status":"closed","template":"","meta":{"_acf_changed":false,"_et_pb_use_builder":"on","_et_pb_old_content":"","_et_gb_content_width":"","footnotes":""},"class_list":["post-6740","page","type-page","status-publish","hentry"],"acf":[],"yoast_head":"<!-- This site is optimized with the Yoast SEO plugin v24.6 - https:\/\/yoast.com\/wordpress\/plugins\/seo\/ -->\n<title>Moustiquaires \u00e0 cadre fixe - ISP Z\u00fcrisee AG<\/title>\n<meta name=\"description\" content=\"Est disponible dans de nombreuses versions diff\u00e9rentes. Id\u00e9al pour les fen\u00eatres qui ne s&#039;ouvrent que pour la ventilation, ainsi que pour les lucarnes. Aucun per\u00e7age n\u00e9cessaire.\" \/>\n<meta name=\"robots\" content=\"index, follow, max-snippet:-1, max-image-preview:large, max-video-preview:-1\" \/>\n<link rel=\"canonical\" href=\"https:\/\/isp-old.marketing-consulting.ch\/fr\/produkte\/spannrahmen\/\" \/>\n<meta property=\"og:locale\" content=\"fr_FR\" \/>\n<meta property=\"og:type\" content=\"article\" \/>\n<meta property=\"og:title\" content=\"Moustiquaires \u00e0 cadre fixe - ISP Z\u00fcrisee AG\" \/>\n<meta property=\"og:description\" content=\"Est disponible dans de nombreuses versions diff\u00e9rentes. Id\u00e9al pour les fen\u00eatres qui ne s&#039;ouvrent que pour la ventilation, ainsi que pour les lucarnes. Aucun per\u00e7age n\u00e9cessaire.\" \/>\n<meta property=\"og:url\" content=\"https:\/\/isp-old.marketing-consulting.ch\/fr\/produkte\/spannrahmen\/\" \/>\n<meta property=\"og:site_name\" content=\"ISP Z\u00fcrisee AG\" \/>\n<meta property=\"article:publisher\" content=\"https:\/\/www.facebook.com\/ISPZueriseeAG\" \/>\n<meta property=\"article:modified_time\" content=\"2023-07-24T09:15:49+00:00\" \/>\n<meta name=\"twitter:card\" content=\"summary_large_image\" \/>\n<meta name=\"twitter:label1\" content=\"Dur\u00e9e de lecture estim\u00e9e\" \/>\n\t<meta name=\"twitter:data1\" content=\"4 minutes\" \/>\n<script type=\"application\/ld+json\" class=\"yoast-schema-graph\">{\"@context\":\"https:\/\/schema.org\",\"@graph\":[{\"@type\":\"WebPage\",\"@id\":\"https:\/\/isp-old.marketing-consulting.ch\/fr\/produkte\/spannrahmen\/\",\"url\":\"https:\/\/isp-old.marketing-consulting.ch\/fr\/produkte\/spannrahmen\/\",\"name\":\"Moustiquaires \u00e0 cadre fixe - ISP Z\u00fcrisee AG\",\"isPartOf\":{\"@id\":\"https:\/\/isp-old.marketing-consulting.ch\/#website\"},\"datePublished\":\"2021-10-23T13:36:33+00:00\",\"dateModified\":\"2023-07-24T09:15:49+00:00\",\"description\":\"Est disponible dans de nombreuses versions diff\u00e9rentes. Id\u00e9al pour les fen\u00eatres qui ne s'ouvrent que pour la ventilation, ainsi que pour les lucarnes. Aucun per\u00e7age n\u00e9cessaire.\",\"breadcrumb\":{\"@id\":\"https:\/\/isp-old.marketing-consulting.ch\/fr\/produkte\/spannrahmen\/#breadcrumb\"},\"inLanguage\":\"fr-FR\",\"potentialAction\":[{\"@type\":\"ReadAction\",\"target\":[\"https:\/\/isp-old.marketing-consulting.ch\/fr\/produkte\/spannrahmen\/\"]}]},{\"@type\":\"BreadcrumbList\",\"@id\":\"https:\/\/isp-old.marketing-consulting.ch\/fr\/produkte\/spannrahmen\/#breadcrumb\",\"itemListElement\":[{\"@type\":\"ListItem\",\"position\":1,\"name\":\"Insektenschutz\",\"item\":\"https:\/\/isp-old.marketing-consulting.ch\/\"},{\"@type\":\"ListItem\",\"position\":2,\"name\":\"Nos produits\",\"item\":\"https:\/\/isp-old.marketing-consulting.ch\/fr\/produkte\/\"},{\"@type\":\"ListItem\",\"position\":3,\"name\":\"Moustiquaires \u00e0 cadre fixe\"}]},{\"@type\":\"WebSite\",\"@id\":\"https:\/\/isp-old.marketing-consulting.ch\/#website\",\"url\":\"https:\/\/isp-old.marketing-consulting.ch\/\",\"name\":\"ISP Z\u00fcrisee AG\",\"description\":\"Insektenschutzgitter nach Mass\",\"publisher\":{\"@id\":\"https:\/\/isp-old.marketing-consulting.ch\/#organization\"},\"potentialAction\":[{\"@type\":\"SearchAction\",\"target\":{\"@type\":\"EntryPoint\",\"urlTemplate\":\"https:\/\/isp-old.marketing-consulting.ch\/?s={search_term_string}\"},\"query-input\":{\"@type\":\"PropertyValueSpecification\",\"valueRequired\":true,\"valueName\":\"search_term_string\"}}],\"inLanguage\":\"fr-FR\"},{\"@type\":\"Organization\",\"@id\":\"https:\/\/isp-old.marketing-consulting.ch\/#organization\",\"name\":\"ISP-Z\u00fcrisee AG\",\"url\":\"https:\/\/isp-old.marketing-consulting.ch\/\",\"logo\":{\"@type\":\"ImageObject\",\"inLanguage\":\"fr-FR\",\"@id\":\"https:\/\/isp-old.marketing-consulting.ch\/#\/schema\/logo\/image\/\",\"url\":\"http:\/\/isp-old.marketing-consulting.ch\/wp-content\/uploads\/2020\/01\/Tag-der-offenen-Tuer.jpg\",\"contentUrl\":\"http:\/\/isp-old.marketing-consulting.ch\/wp-content\/uploads\/2020\/01\/Tag-der-offenen-Tuer.jpg\",\"width\":276,\"height\":146,\"caption\":\"ISP-Z\u00fcrisee AG\"},\"image\":{\"@id\":\"https:\/\/isp-old.marketing-consulting.ch\/#\/schema\/logo\/image\/\"},\"sameAs\":[\"https:\/\/www.facebook.com\/ISPZueriseeAG\",\"https:\/\/www.instagram.com\/isp_zuerisee_ag\/?hl=de\",\"https:\/\/www.youtube.com\/channel\/UC_WIpMYtTiAjFafShVMaKfA\"]}]}<\/script>\n<!-- \/ Yoast SEO plugin. -->","yoast_head_json":{"title":"Moustiquaires \u00e0 cadre fixe - ISP Z\u00fcrisee AG","description":"Est disponible dans de nombreuses versions diff\u00e9rentes. Id\u00e9al pour les fen\u00eatres qui ne s'ouvrent que pour la ventilation, ainsi que pour les lucarnes. Aucun per\u00e7age n\u00e9cessaire.","robots":{"index":"index","follow":"follow","max-snippet":"max-snippet:-1","max-image-preview":"max-image-preview:large","max-video-preview":"max-video-preview:-1"},"canonical":"https:\/\/isp-old.marketing-consulting.ch\/fr\/produkte\/spannrahmen\/","og_locale":"fr_FR","og_type":"article","og_title":"Moustiquaires \u00e0 cadre fixe - ISP Z\u00fcrisee AG","og_description":"Est disponible dans de nombreuses versions diff\u00e9rentes. Id\u00e9al pour les fen\u00eatres qui ne s'ouvrent que pour la ventilation, ainsi que pour les lucarnes. Aucun per\u00e7age n\u00e9cessaire.","og_url":"https:\/\/isp-old.marketing-consulting.ch\/fr\/produkte\/spannrahmen\/","og_site_name":"ISP Z\u00fcrisee AG","article_publisher":"https:\/\/www.facebook.com\/ISPZueriseeAG","article_modified_time":"2023-07-24T09:15:49+00:00","twitter_card":"summary_large_image","twitter_misc":{"Dur\u00e9e de lecture estim\u00e9e":"4 minutes"},"schema":{"@context":"https:\/\/schema.org","@graph":[{"@type":"WebPage","@id":"https:\/\/isp-old.marketing-consulting.ch\/fr\/produkte\/spannrahmen\/","url":"https:\/\/isp-old.marketing-consulting.ch\/fr\/produkte\/spannrahmen\/","name":"Moustiquaires \u00e0 cadre fixe - ISP Z\u00fcrisee AG","isPartOf":{"@id":"https:\/\/isp-old.marketing-consulting.ch\/#website"},"datePublished":"2021-10-23T13:36:33+00:00","dateModified":"2023-07-24T09:15:49+00:00","description":"Est disponible dans de nombreuses versions diff\u00e9rentes. Id\u00e9al pour les fen\u00eatres qui ne s'ouvrent que pour la ventilation, ainsi que pour les lucarnes. Aucun per\u00e7age n\u00e9cessaire.","breadcrumb":{"@id":"https:\/\/isp-old.marketing-consulting.ch\/fr\/produkte\/spannrahmen\/#breadcrumb"},"inLanguage":"fr-FR","potentialAction":[{"@type":"ReadAction","target":["https:\/\/isp-old.marketing-consulting.ch\/fr\/produkte\/spannrahmen\/"]}]},{"@type":"BreadcrumbList","@id":"https:\/\/isp-old.marketing-consulting.ch\/fr\/produkte\/spannrahmen\/#breadcrumb","itemListElement":[{"@type":"ListItem","position":1,"name":"Insektenschutz","item":"https:\/\/isp-old.marketing-consulting.ch\/"},{"@type":"ListItem","position":2,"name":"Nos produits","item":"https:\/\/isp-old.marketing-consulting.ch\/fr\/produkte\/"},{"@type":"ListItem","position":3,"name":"Moustiquaires \u00e0 cadre fixe"}]},{"@type":"WebSite","@id":"https:\/\/isp-old.marketing-consulting.ch\/#website","url":"https:\/\/isp-old.marketing-consulting.ch\/","name":"ISP Z\u00fcrisee AG","description":"Insektenschutzgitter nach Mass","publisher":{"@id":"https:\/\/isp-old.marketing-consulting.ch\/#organization"},"potentialAction":[{"@type":"SearchAction","target":{"@type":"EntryPoint","urlTemplate":"https:\/\/isp-old.marketing-consulting.ch\/?s={search_term_string}"},"query-input":{"@type":"PropertyValueSpecification","valueRequired":true,"valueName":"search_term_string"}}],"inLanguage":"fr-FR"},{"@type":"Organization","@id":"https:\/\/isp-old.marketing-consulting.ch\/#organization","name":"ISP-Z\u00fcrisee AG","url":"https:\/\/isp-old.marketing-consulting.ch\/","logo":{"@type":"ImageObject","inLanguage":"fr-FR","@id":"https:\/\/isp-old.marketing-consulting.ch\/#\/schema\/logo\/image\/","url":"http:\/\/isp-old.marketing-consulting.ch\/wp-content\/uploads\/2020\/01\/Tag-der-offenen-Tuer.jpg","contentUrl":"http:\/\/isp-old.marketing-consulting.ch\/wp-content\/uploads\/2020\/01\/Tag-der-offenen-Tuer.jpg","width":276,"height":146,"caption":"ISP-Z\u00fcrisee AG"},"image":{"@id":"https:\/\/isp-old.marketing-consulting.ch\/#\/schema\/logo\/image\/"},"sameAs":["https:\/\/www.facebook.com\/ISPZueriseeAG","https:\/\/www.instagram.com\/isp_zuerisee_ag\/?hl=de","https:\/\/www.youtube.com\/channel\/UC_WIpMYtTiAjFafShVMaKfA"]}]}},"_links":{"self":[{"href":"https:\/\/isp-old.marketing-consulting.ch\/fr\/wp-json\/wp\/v2\/pages\/6740"}],"collection":[{"href":"https:\/\/isp-old.marketing-consulting.ch\/fr\/wp-json\/wp\/v2\/pages"}],"about":[{"href":"https:\/\/isp-old.marketing-consulting.ch\/fr\/wp-json\/wp\/v2\/types\/page"}],"author":[{"embeddable":true,"href":"https:\/\/isp-old.marketing-consulting.ch\/fr\/wp-json\/wp\/v2\/users\/1"}],"replies":[{"embeddable":true,"href":"https:\/\/isp-old.marketing-consulting.ch\/fr\/wp-json\/wp\/v2\/comments?post=6740"}],"version-history":[{"count":2,"href":"https:\/\/isp-old.marketing-consulting.ch\/fr\/wp-json\/wp\/v2\/pages\/6740\/revisions"}],"predecessor-version":[{"id":11227,"href":"https:\/\/isp-old.marketing-consulting.ch\/fr\/wp-json\/wp\/v2\/pages\/6740\/revisions\/11227"}],"up":[{"embeddable":true,"href":"https:\/\/isp-old.marketing-consulting.ch\/fr\/wp-json\/wp\/v2\/pages\/6624"}],"wp:attachment":[{"href":"https:\/\/isp-old.marketing-consulting.ch\/fr\/wp-json\/wp\/v2\/media?parent=6740"}],"curies":[{"name":"wp","href":"https:\/\/api.w.org\/{rel}","templated":true}]}}